{"id":153,"date":"2016-12-17T05:13:25","date_gmt":"2016-12-17T05:13:25","guid":{"rendered":"http:\/\/localhost\/COLAB\/Margo\/WordPress\/?page_id=2"},"modified":"2019-05-24T11:28:54","modified_gmt":"2019-05-24T11:28:54","slug":"comporta","status":"publish","type":"page","link":"https:\/\/www.comporta-signature.com\/pt\/comporta\/","title":{"rendered":"Comporta"},"content":{"rendered":"<p>[vc_row full_width=&#8221;stretch_row_content&#8221; css=&#8221;.vc_custom_1495182894371{margin-right: 30px !important;margin-left: 30px !important;border-bottom-width: -40px !important;}&#8221;][vc_column][vc_column_text]<\/p>\n<p style=\"text-align: center;\"><span style=\"font-family: 'La Belle Aurore', cursive; font-size: 50px; padding-left: 40px; margin-top: 30px; color: #9c8c56;\">Comporta, o ref\u00fagio perfeito<\/span><\/p>\n<p style=\"text-align: center; padding-right: 40px;\"><span style=\"font-family: 'La Belle Aurore', cursive; font-size: 30px; text-align: center; color: #9c8c56;\">Antes os destinos eram Formentera ou Cap Ferret, agora o desejo \u00e9 estar em Comporta. 60 Km de praia, dunas de areia branca, milhares de hectares de bosques de pinho, carvalhos de corti\u00e7a e arrozais.<br \/>\n<\/span><\/p>\n<p>[\/vc_column_text][\/vc_column][\/vc_row][vc_row full_width=&#8221;stretch_row_content_no_spaces&#8221; content_placement=&#8221;middle&#8221; css=&#8221;.vc_custom_1495187855120{background-position: center !important;background-repeat: no-repeat !important;background-size: cover !important;}&#8221;][vc_column 0=&#8221;&#8221; css=&#8221;.vc_custom_1495195692502{background-image: url(http:\/\/www.comporta-signature.com\/wp-content\/uploads\/2016\/12\/02_Comporta_Beach_edited.jpg?id=532) !important;background-position: center !important;background-repeat: no-repeat !important;background-size: cover !important;}&#8221;][vc_empty_space height=&#8221;400px&#8221;][\/vc_column][\/vc_row][vc_row full_width=&#8221;stretch_row&#8221; content_placement=&#8221;middle&#8221; css=&#8221;.vc_custom_1492688992916{background-color: #ffffff !important;}&#8221;][vc_column 0=&#8221;&#8221;][vc_column_text 0=&#8221;&#8221; css=&#8221;.vc_custom_1501468144334{padding-bottom: 20px !important;}&#8221;]<\/p>\n<p style=\"text-align: center;\"><span style=\"font-family: 'La Belle Aurore', cursive; text-align: center; font-size: 30px; line-height: 18px; text-transform: none; letter-spacing: 0.05em; color: #444;\">Os amantes do essencial, encontraram em Comporta o ref\u00fagio ideal, apenas uma hora da fren\u00e9tica Lisboa. O segredo mais bem guardado<\/span><\/p>\n<p>[\/vc_column_text][vc_empty_space][\/vc_column][\/vc_row][vc_row full_width=&#8221;stretch_row_content_no_spaces&#8221; content_placement=&#8221;middle&#8221; css=&#8221;.vc_custom_1492697397401{margin-top: -45px !important;}&#8221;][vc_column 0=&#8221;&#8221; css=&#8221;.vc_custom_1495188018057{margin-right: 0px !important;margin-left: 0px !important;border-right-width: 0px !important;border-left-width: 0px !important;padding-right: 0px !important;padding-left: 0px !important;background-image: url(http:\/\/www.comporta-signature.com\/wp-content\/uploads\/2016\/12\/carosel2-2.jpg?id=365) !important;background-position: center !important;background-repeat: no-repeat !important;background-size: cover !important;}&#8221;][vc_empty_space height=&#8221;400px&#8221;][\/vc_column][\/vc_row][vc_row full_width=&#8221;stretch_row&#8221; content_placement=&#8221;middle&#8221; css=&#8221;.vc_custom_1492688992916{background-color: #ffffff !important;}&#8221;][vc_column 0=&#8221;&#8221;][vc_column_text 0=&#8221;&#8221;]<\/p>\n<p style=\"text-align: center;\"><span style=\"font-family: 'La Belle Aurore', cursive; text-align: center; font-size: 30px; line-height: 18px; text-transform: none; letter-spacing: 0.05em; color: #414042;\">A Pen\u00ednsula de Tr\u00f3ia com infinitas dunas, casinos, hot\u00e9is exclusivos, sua pr\u00f3pria Marina e um Campo de Golfe de 18 buracos est\u00e1 a 15 minutos desse ref\u00fagio paradis\u00edaco. As celebridades que visitam regularmente Comporta preenchem as primeiras p\u00e1ginas das revistas mais badaladas dos \u201cJet Setters\u201d, no entanto, em Comporta o prazer est\u00e1 no anonimato<\/span><\/p>\n<p>[\/vc_column_text][vc_empty_space][\/vc_column][\/vc_row][vc_row full_width=&#8221;stretch_row_content_no_spaces&#8221; content_placement=&#8221;middle&#8221; css=&#8221;.vc_custom_1492697397401{margin-top: -45px !important;}&#8221;][vc_column 0=&#8221;&#8221; css=&#8221;.vc_custom_1495187288388{margin-right: 0px !important;margin-left: 0px !important;border-right-width: 0px !important;border-left-width: 0px !important;padding-right: 0px !important;padding-left: 0px !important;background-image: url(http:\/\/www.comporta-signature.com\/wp-content\/uploads\/2017\/04\/shutterstock_182917052.jpg?id=245) !important;background-position: center !important;background-repeat: no-repeat !important;background-size: cover !important;}&#8221;][vc_empty_space height=&#8221;400px&#8221;][\/vc_column][\/vc_row][vc_row full_width=&#8221;stretch_row&#8221; css=&#8221;.vc_custom_1497003110355{margin-top: -40px !important;background-color: #9c8c56 !important;}&#8221;][vc_column 0=&#8221;&#8221;][vc_column_text 0=&#8221;&#8221;]<\/p>\n<p style=\"text-align: center;\"><span style=\"font-family: 'La Belle Aurore', cursive; text-align: center; font-size: 30px; line-height: 18px; text-transform: none; letter-spacing: 0.05em; color: #fff;\">Em Comporta a privacidade \u00e9 uma filosofia, e a paix\u00e3o pela natureza r\u00fastica, um estilo de vida.vEsse empreendimento consiste em integrar na natureza a nossa excel\u00eancia artesanal na constru\u00e7\u00e3o, criando ambientes acolhedores com todo o conforto e detalhes que fazem a diferen\u00e7a. Trabalhamos com uma equipe din\u00e2mica e criativa de arquitectos e designers de interiores. Nossa experiencia de 30 anos no sector entre Marbella e Brasil nos avalam<\/span><\/p>\n<p>[\/vc_column_text][vc_empty_space][\/vc_column][\/vc_row][vc_row full_width=&#8221;stretch_row_content_no_spaces&#8221; content_placement=&#8221;middle&#8221; css=&#8221;.vc_custom_1492697397401{margin-top: -45px !important;}&#8221;][vc_column 0=&#8221;&#8221; css=&#8221;.vc_custom_1497003356589{margin-right: 0px !important;margin-left: 0px !important;border-right-width: 0px !important;border-left-width: 0px !important;padding-right: 0px !important;padding-left: 0px !important;background-image: url(http:\/\/www.comporta-signature.com\/wp-content\/uploads\/2017\/06\/carosel3.jpg?id=1715) !important;background-position: center !important;background-repeat: no-repeat !important;background-size: cover !important;}&#8221;][vc_empty_space height=&#8221;400px&#8221;][\/vc_column][\/vc_row][vc_row full_width=&#8221;stretch_row&#8221; content_placement=&#8221;middle&#8221; css=&#8221;.vc_custom_1497003254010{background-color: #9c8c56 !important;}&#8221;][vc_column][vc_column_text]<img decoding=\"async\" class=\"aligncenter\" src=\"http:\/\/www.comporta-signature.com\/wp-content\/uploads\/2017\/06\/white.svg\" width=\"450\" height=\"auto\" \/>[\/vc_column_text][\/vc_column][\/vc_row][vc_row full_width=&#8221;stretch_row_content_no_spaces&#8221;][vc_column width=&#8221;2\/3&#8243; css=&#8221;.vc_custom_1495188119088{background-image: url(http:\/\/www.comporta-signature.com\/wp-content\/uploads\/2016\/12\/05798d.jpg?id=920) !important;background-position: center !important;background-repeat: no-repeat !important;background-size: cover !important;}&#8221;][vc_empty_space height=&#8221;400px&#8221;][\/vc_column][vc_column width=&#8221;1\/3&#8243; css=&#8221;.vc_custom_1495188915462{background-image: url(http:\/\/www.comporta-signature.com\/wp-content\/uploads\/2016\/12\/05_Share-passion_Nature-1.jpg?id=926) !important;background-position: center !important;background-repeat: no-repeat !important;background-size: cover !important;}&#8221;][vc_empty_space height=&#8221;400px&#8221;][\/vc_column][\/vc_row][vc_row full_width=&#8221;stretch_row_content_no_spaces&#8221; content_placement=&#8221;middle&#8221; css=&#8221;.vc_custom_1492697397401{margin-top: -45px !important;}&#8221;][vc_column 0=&#8221;&#8221; css=&#8221;.vc_custom_1495189090419{margin-right: 0px !important;margin-left: 0px !important;border-right-width: 0px !important;border-left-width: 0px !important;padding-right: 0px !important;padding-left: 0px !important;background-image: url(http:\/\/www.comporta-signature.com\/wp-content\/uploads\/2016\/12\/02_Comporta_Flamingos.jpg?id=923) !important;background-position: center !important;background-repeat: no-repeat !important;background-size: cover !important;}&#8221;][vc_empty_space height=&#8221;400px&#8221;][\/vc_column][\/vc_row][vc_row full_width=&#8221;stretch_row_content_no_spaces&#8221;][vc_column width=&#8221;1\/3&#8243; css=&#8221;.vc_custom_1495189153461{background-image: url(http:\/\/www.comporta-signature.com\/wp-content\/uploads\/2016\/12\/16727d4.jpg?id=929) !important;background-position: center !important;background-repeat: no-repeat !important;background-size: cover !important;}&#8221;][vc_empty_space height=&#8221;400px&#8221;][\/vc_column][vc_column width=&#8221;2\/3&#8243; css=&#8221;.vc_custom_1495189182400{background-image: url(http:\/\/www.comporta-signature.com\/wp-content\/uploads\/2016\/12\/18249d5.jpg?id=736) !important;background-position: center !important;background-repeat: no-repeat !important;background-size: cover !important;}&#8221;][vc_empty_space height=&#8221;400px&#8221;][\/vc_column][\/vc_row][vc_row full_width=&#8221;stretch_row_content_no_spaces&#8221; content_placement=&#8221;middle&#8221; css=&#8221;.vc_custom_1492697397401{margin-top: -45px !important;}&#8221;][vc_column 0=&#8221;&#8221; css=&#8221;.vc_custom_1495189595923{margin-right: 0px !important;margin-left: 0px !important;border-right-width: 0px !important;border-left-width: 0px !important;padding-right: 0px !important;padding-left: 0px !important;background-image: url(http:\/\/www.comporta-signature.com\/wp-content\/uploads\/2017\/05\/shutterstock_159033404-e1495189550188.jpg?id=1165) !important;background-position: center !important;background-repeat: no-repeat !important;background-size: cover !important;}&#8221;][vc_empty_space height=&#8221;700px&#8221;][\/vc_column][\/vc_row][vc_row full_width=&#8221;stretch_row_content_no_spaces&#8221;][vc_column width=&#8221;1\/2&#8243; css=&#8221;.vc_custom_1495190284445{background-image: url(http:\/\/www.comporta-signature.com\/wp-content\/uploads\/2016\/12\/shutterstock_639362908.jpg?id=1169) !important;background-position: center !important;background-repeat: no-repeat !important;background-size: cover !important;}&#8221;][vc_empty_space height=&#8221;400px&#8221;][\/vc_column][vc_column width=&#8221;1\/2&#8243; css=&#8221;.vc_custom_1497022736755{background-image: url(http:\/\/www.comporta-signature.com\/wp-content\/uploads\/2016\/12\/Praia-do-Pinheirinho-14.jpg?id=1576) !important;background-position: center !important;background-repeat: no-repeat !important;background-size: cover !important;}&#8221;][vc_empty_space height=&#8221;400px&#8221;][\/vc_column][\/vc_row][vc_row full_width=&#8221;stretch_row_content_no_spaces&#8221; content_placement=&#8221;middle&#8221; css=&#8221;.vc_custom_1492697397401{margin-top: -45px !important;}&#8221;][vc_column 0=&#8221;&#8221; css=&#8221;.vc_custom_1495190362764{margin-right: 0px !important;margin-left: 0px !important;border-right-width: 0px !important;border-left-width: 0px !important;padding-right: 0px !important;padding-left: 0px !important;background-image: url(http:\/\/www.comporta-signature.com\/wp-content\/uploads\/2017\/05\/Comporta-Image.jpg?id=1130) !important;background-position: center !important;background-repeat: no-repeat !important;background-size: cover !important;}&#8221;][vc_empty_space height=&#8221;700px&#8221;][\/vc_column][\/vc_row][vc_row full_width=&#8221;stretch_row&#8221; content_placement=&#8221;middle&#8221; css=&#8221;.vc_custom_1496997424653{background-color: #9c8c56 !important;}&#8221;][vc_column][vc_column_text]<img decoding=\"async\" class=\"aligncenter\" src=\"http:\/\/www.comporta-signature.com\/wp-content\/uploads\/2017\/06\/white.svg\" width=\"320\" height=\"auto\" \/>[\/vc_column_text][\/vc_column][\/vc_row][vc_row full_width=&#8221;stretch_row_content&#8221; css=&#8221;.vc_custom_1558694233495{background-color: #9c8c56 !important;}&#8221;][vc_column][vc_wp_custommenu nav_menu=&#8221;21&#8243; el_id=&#8221;menuHorizontal&#8221;][\/vc_column][\/vc_row]<\/p>","protected":false},"excerpt":{"rendered":"<p>[vc_row full_width=&#8221;stretch_row_content&#8221; css=&#8221;.vc_custom_1495182894371{margin-right: 30px !important;margin-left: 30px !important;border-bottom-width: -40px !important;}&#8221;][vc_column][vc_column_text] Comporta, o ref\u00fagio perfeito Antes os destinos eram Formentera ou Cap Ferret, agora o desejo \u00e9 estar em Comporta. 60 Km &#8230;<\/p>\n","protected":false},"author":1,"featured_media":0,"parent":0,"menu_order":0,"comment_status":"closed","ping_status":"closed","template":"","meta":{"footnotes":""},"class_list":["post-153","page","type-page","status-publish","hentry"],"_links":{"self":[{"href":"https:\/\/www.comporta-signature.com\/pt\/wp-json\/wp\/v2\/pages\/153","targetHints":{"allow":["GET"]}}],"collection":[{"href":"https:\/\/www.comporta-signature.com\/pt\/wp-json\/wp\/v2\/pages"}],"about":[{"href":"https:\/\/www.comporta-signature.com\/pt\/wp-json\/wp\/v2\/types\/page"}],"author":[{"embeddable":true,"href":"https:\/\/www.comporta-signature.com\/pt\/wp-json\/wp\/v2\/users\/1"}],"replies":[{"embeddable":true,"href":"https:\/\/www.comporta-signature.com\/pt\/wp-json\/wp\/v2\/comments?post=153"}],"version-history":[{"count":209,"href":"https:\/\/www.comporta-signature.com\/pt\/wp-json\/wp\/v2\/pages\/153\/revisions"}],"predecessor-version":[{"id":2081,"href":"https:\/\/www.comporta-signature.com\/pt\/wp-json\/wp\/v2\/pages\/153\/revisions\/2081"}],"wp:attachment":[{"href":"https:\/\/www.comporta-signature.com\/pt\/wp-json\/wp\/v2\/media?parent=153"}],"curies":[{"name":"wp","href":"https:\/\/api.w.org\/{rel}","templated":true}]}}