{"id":976,"date":"2017-05-03T16:02:10","date_gmt":"2017-05-03T16:02:10","guid":{"rendered":"http:\/\/www.comporta-signature.com\/?page_id=976"},"modified":"2019-05-24T11:22:39","modified_gmt":"2019-05-24T11:22:39","slug":"news","status":"publish","type":"page","link":"https:\/\/www.comporta-signature.com\/fr\/news\/","title":{"rendered":"Investissements"},"content":{"rendered":"<p>[vc_row full_width=\u00a0\u00bbstretch_row_content\u00a0\u00bb css=\u00a0\u00bb.vc_custom_1495182894371{margin-right: 30px !important;margin-left: 30px !important;border-bottom-width: -40px !important;}\u00a0\u00bb][vc_column][vc_column_text]<\/p>\n<p style=\"text-align: center;\"><span style=\"font-family: 'La Belle Aurore', cursive; font-size: 50px; margin-top: 30px; color: #9c8c56;\">Investissements<\/span><\/p>\n<h1 style=\"font-family: 'Cormorant Garamond', serif; color: #9c8c56; text-align: center; font-size: 34px; padding-left: 30px; padding-right: 40px;\">Investissements \u00e0 Comporta<\/h1>\n<p>[\/vc_column_text][\/vc_column][\/vc_row][vc_row full_width=\u00a0\u00bbstretch_row\u00a0\u00bb content_placement=\u00a0\u00bbmiddle\u00a0\u00bb disable_element=\u00a0\u00bbyes\u00a0\u00bb css=\u00a0\u00bb.vc_custom_1496645825265{background-color: #5f5c31 !important;}\u00a0\u00bb][vc_column][vc_column_text css=\u00a0\u00bb.vc_custom_1495804577770{padding-right: 30px !important;padding-left: 30px !important;}\u00a0\u00bb]<\/p>\n<p style=\"text-align: center;\"><span style=\"font-family: 'La Belle Aurore', cursive; text-align: center; font-size: 30px; line-height: 18px; color: #fff;\">Partenaires<\/span><\/p>\n<p style=\"text-align: center;\"><span style=\"font-family: 'La Belle Aurore', cursive; text-align: center; font-size: 22px; line-height: 18px; color: #fff;\">En sus du solide Dream Team pr\u00e9sent\u00e9 plus haut, Comporta Signature a \u00e9tabli des <span style=\"font-family: 'Cormorant Garamond', serif; text-align: center; font-size: 19px; line-height: 18px; color: #fff;\"><em>PARTENARIATS D\u2019AFFINIT\u00c9S<\/em><\/span> avec des acteurs de n\u00f4tre secteur remarquables par leur <span style=\"font-family: 'Cormorant Garamond', serif; text-align: center; font-size: 19px; line-height: 18px; color: #fff;\"><em>COMPORTATTITUDE<\/em><\/span> et leur perfectionnisme.<\/span><\/p>\n<p>[\/vc_column_text][\/vc_column][\/vc_row][vc_row full_width=\u00a0\u00bbstretch_row_content\u00a0\u00bb content_placement=\u00a0\u00bbmiddle\u00a0\u00bb parallax=\u00a0\u00bbcontent-moving\u00a0\u00bb disable_element=\u00a0\u00bbyes\u00a0\u00bb css=\u00a0\u00bb.vc_custom_1496645833774{background-position: center;background-repeat: no-repeat !important;background-size: cover !important;}\u00a0\u00bb][vc_column width=\u00a0\u00bb1\/2&Prime;][vc_empty_space height=\u00a0\u00bb150px\u00a0\u00bb][\/vc_column][vc_column width=\u00a0\u00bb1\/2&Prime; css=\u00a0\u00bb.vc_custom_1495812531701{background-color: #ecd066 !important;}\u00a0\u00bb][vc_column_text css=\u00a0\u00bb.vc_custom_1495804988741{padding-right: 30px !important;padding-left: 30px !important;}\u00a0\u00bb]<\/p>\n<p style=\"text-align: center;\"><span style=\"font-family: 'La Belle Aurore', cursive; text-align: center; font-size: 22px; line-height: 18px; color: #414141;\">Est-il encore besoin de pr\u00e9senter les superbes cr\u00e9ations raw-chic fashion de Gabriella\u2026\u2026.? Et qui aurait pu mieux qu\u2019 Antik Batik habiller nos int\u00e9rieurs \u00e0 Comporta? Vous y retrouverez donc la ligne \u00ab Maison \u00bb r\u00e9cemment cr\u00e9\u00e9e autour du c\u00e9l\u00e8bre style de la marque.<\/span><\/p>\n<p>[\/vc_column_text][\/vc_column][\/vc_row][vc_row full_width=\u00a0\u00bbstretch_row_content_no_spaces\u00a0\u00bb content_placement=\u00a0\u00bbmiddle\u00a0\u00bb parallax=\u00a0\u00bbcontent-moving\u00a0\u00bb disable_element=\u00a0\u00bbyes\u00a0\u00bb css=\u00a0\u00bb.vc_custom_1496645841371{background-position: center;background-repeat: no-repeat !important;background-size: cover !important;}\u00a0\u00bb][vc_column width=\u00a0\u00bb1\/2&Prime; css=\u00a0\u00bb.vc_custom_1495811803178{padding-left: 30px !important;background-color: #5f5c31 !important;}\u00a0\u00bb][vc_empty_space height=\u00a0\u00bb25px\u00a0\u00bb][vc_column_text css=\u00a0\u00bb.vc_custom_1495812294159{padding-right: 60px !important;padding-left: 30px !important;}\u00a0\u00bb]<\/p>\n<p style=\"text-align: center;\"><span style=\"font-family: 'La Belle Aurore', cursive; text-align: center; font-size: 22px; line-height: 18px; color: #fff;\">Comporta est depuis 4 g\u00e9n\u00e9rations le fief de la famille Espirito Santo, premier patrimoine du Portugal. La \u00ab quinta \u00bb familiale de Comporta n\u2019y occupe pas moins de 15.000 ha sur 30 km de c\u00f4te\u2026<br \/>\nPatricia Brito e Cunha est l\u2019une des figures plus proactives du consortium. Dans la plus pure ligne <span style=\"font-family: 'Cormorant Garamond', serif; text-align: center; font-size: 19px; line-height: 18px; color: #fff;\"><strong>COMPORTADDICT<\/strong><\/span> elle a cr\u00e9\u00e9 <span style=\"font-family: 'Cormorant Garamond', serif; text-align: center; font-size: 19px; line-height: 18px; color: #fff;\"><strong>CUSH CUSH SPIRIT COMPORTA<\/strong><\/span>, un tr\u00e8s bel artisanat \u00e9co-chic enti\u00e8rement d\u00e9di\u00e9 aux coussins et si\u00e8ges.<\/span><\/p>\n<p>[\/vc_column_text][vc_empty_space height=\u00a0\u00bb25px\u00a0\u00bb][\/vc_column][vc_column width=\u00a0\u00bb1\/2&Prime; css=\u00a0\u00bb.vc_custom_1495811812172{padding-right: 30px !important;}\u00a0\u00bb][vc_single_image image=\u00a0\u00bb1408&Prime; img_size=\u00a0\u00bb333&#215;250&Prime; alignment=\u00a0\u00bbcenter\u00a0\u00bb][\/vc_column][\/vc_row][vc_row full_width=\u00a0\u00bbstretch_row_content\u00a0\u00bb content_placement=\u00a0\u00bbmiddle\u00a0\u00bb parallax=\u00a0\u00bbcontent-moving\u00a0\u00bb disable_element=\u00a0\u00bbyes\u00a0\u00bb css=\u00a0\u00bb.vc_custom_1496645852864{background-position: center;background-repeat: no-repeat !important;background-size: cover !important;}\u00a0\u00bb][vc_column width=\u00a0\u00bb1\/2&Prime;][vc_empty_space height=\u00a0\u00bb150px\u00a0\u00bb][\/vc_column][vc_column width=\u00a0\u00bb1\/2&Prime; css=\u00a0\u00bb.vc_custom_1495812447826{background-color: #ecd066 !important;}\u00a0\u00bb][vc_column_text css=\u00a0\u00bb.vc_custom_1495812503136{padding-right: 30px !important;padding-left: 30px !important;}\u00a0\u00bb]<\/p>\n<p style=\"text-align: center;\"><span style=\"font-family: 'La Belle Aurore', cursive; text-align: center; font-size: 22px; line-height: 18px; color: #414141;\">Ce groupe familial finlandais n\u2019est rien moins que le premier constructeur mondial de maisons modulaires \u00e0 structure bois de tr\u00e8s haute qualit\u00e9. Adoss\u00e9es \u00e0 une exp\u00e9rience plus que centenaire leurs spectaculaires cr\u00e9ations offrent un large \u00e9ventail de lignes contemporaines d\u2019un niveau technique et d\u2019une solidit\u00e9 impressionnants. Comporta et sa tradition \u00ab bois \u00bb sont \u00e9videmment un lieu de pr\u00e9dilection pour le savoir-faire de la <span style=\"font-family: 'Cormorant Garamond', serif; text-align: center; font-size: 19px; line-height: 18px; color: #414141;\"><strong>POLARLIFEHAUS<\/strong><\/span> dont nous sommes fiers de piloter l\u2019introduction au Portugal .<\/span><\/p>\n<p>[\/vc_column_text][\/vc_column][\/vc_row][vc_row full_width=\u00a0\u00bbstretch_row_content_no_spaces\u00a0\u00bb content_placement=\u00a0\u00bbmiddle\u00a0\u00bb parallax=\u00a0\u00bbcontent-moving\u00a0\u00bb css=\u00a0\u00bb.vc_custom_1495811796359{background-position: center;background-repeat: no-repeat;background-size: cover !important;}\u00a0\u00bb][vc_column css=\u00a0\u00bb.vc_custom_1495811803178{padding-left: 30px !important;background-color: #5f5c31 !important;}\u00a0\u00bb][vc_column_text css=\u00a0\u00bb.vc_custom_1496738237381{padding-right: 30px !important;padding-left: 30px !important;}\u00a0\u00bb]<\/p>\n<p style=\"text-align: center;\"><span style=\"font-family: 'La Belle Aurore', cursive; text-align: center; font-size: 35px; line-height: 18px; color: #fff;\">Investissements \u00e0 Comporta<\/span><\/p>\n<p style=\"text-align: center;\"><span style=\"font-family: 'Playfair Display'; text-align: center; font-size: 16px; line-height: 18px; color: #fff;\">LAND BANKING, LE PLACEMENT S\u00dbR D\u2019AUJOURD\u2019HUI<\/span><\/p>\n<p>[\/vc_column_text][\/vc_column][\/vc_row][vc_row full_width=\u00a0\u00bbstretch_row\u00a0\u00bb content_placement=\u00a0\u00bbmiddle\u00a0\u00bb parallax=\u00a0\u00bbcontent-moving\u00a0\u00bb css=\u00a0\u00bb.vc_custom_1496646466068{background-image: url(http:\/\/www.comporta-signature.com\/wp-content\/uploads\/2016\/12\/carousel1.jpg?id=921) !important;background-position: center;background-repeat: no-repeat !important;background-size: cover !important;}\u00a0\u00bb][vc_column][vc_empty_space height=\u00a0\u00bb300px\u00a0\u00bb][\/vc_column][\/vc_row][vc_row full_width=\u00a0\u00bbstretch_row_content_no_spaces\u00a0\u00bb content_placement=\u00a0\u00bbmiddle\u00a0\u00bb parallax=\u00a0\u00bbcontent-moving\u00a0\u00bb css=\u00a0\u00bb.vc_custom_1495811796359{background-position: center;background-repeat: no-repeat;background-size:cover !important;}\u00a0\u00bb][vc_column css=\u00a0\u00bb.vc_custom_1495811803178{padding-left: 30px !important;background-color: #5f5c31 !important;}\u00a0\u00bb][vc_empty_space height=\u00a0\u00bb10px\u00a0\u00bb][vc_column_text css=\u00a0\u00bb.vc_custom_1496243356069{padding-right: 60px !important;padding-left: 30px !important;}\u00a0\u00bb]<\/p>\n<p style=\"text-align: center;\"><span style=\"font-family: Cantarell, sans-serif; text-align: center; line-height: 18px; text-transform: uppercase; letter-spacing: 0.05em; color: #fff; font-size: 11px;\">Bourses folles, monnaies virtuelles, banques fragilis\u00e9es : la notion d\u2019investissement s\u00fbr a \u00e9t\u00e9 balay\u00e9e par les dures r\u00e9alit\u00e9s \u00e9conomiques, source d\u2019un profond sentiment d\u2019incertitude.<br \/>\nCela a favoris\u00e9 le retour \u00e0 une notion plus saine et r\u00e9aliste de l\u2019investissement productif \u00e0 risque z\u00e9ro : le land banking, ou tout simplement l\u2019investissement foncier.<br \/>\nAfin d\u2019optimiser la rentabilit\u00e9 d\u2019un investissement traditionnellement ultra s\u00e9curisant mais \u00e0 faible rendement, nous proposons des formules de dation\/partenariat par lesquelles nous cr\u00e9ons une valeur ajout\u00e9e importante sur les terrains s\u00e9lectionn\u00e9s par et pour nos clients.<br \/>\nCela nous permet d\u2019 acc\u00e9l\u00e9rer sensiblement n\u00f4tre programme de d\u00e9veloppement et de r\u00e9pondre en temps r\u00e9el \u00e0 la croissante demande de villas tr\u00e8s haut-de-gamme \u00e0 Comporta.<br \/>\nPour nos clients c\u2019est l\u2019assurance d\u2019une revalorisation rapide et d\u2019un retour sur investissement sur des p\u00e9riodes de 3 \u00e0 5 ans, sur un cr\u00e9neau o\u00f9 les cycles de rentabilit\u00e9 sont g\u00e9n\u00e9ralement de 15 \u00e0 20 ans.<br \/>\nNous sommes \u00e0 v\u00f4tre disposition pour vous exposer personnellement en d\u00e9tail les principes du land banking. Une autre fa\u00e7on \u00ab sans souci \u00bb d\u2019investir \u00e0 Comporta.<\/span><\/p>\n<p>[\/vc_column_text][\/vc_column][\/vc_row][vc_row full_width=\u00a0\u00bbstretch_row\u00a0\u00bb content_placement=\u00a0\u00bbmiddle\u00a0\u00bb css=\u00a0\u00bb.vc_custom_1496997424653{background-color: #9c8c56 !important;}\u00a0\u00bb][vc_column][vc_column_text]<img decoding=\"async\" class=\"aligncenter\" src=\"http:\/\/www.comporta-signature.com\/wp-content\/uploads\/2017\/06\/white.svg\" width=\"320\" height=\"auto\" \/>[\/vc_column_text][\/vc_column][\/vc_row][vc_row full_width=\u00a0\u00bbstretch_row_content\u00a0\u00bb css=\u00a0\u00bb.vc_custom_1558694233495{background-color: #9c8c56 !important;}\u00a0\u00bb][vc_column][vc_wp_custommenu nav_menu=\u00a0\u00bb21&Prime; el_id=\u00a0\u00bbmenuHorizontal\u00a0\u00bb][\/vc_column][\/vc_row]<\/p>","protected":false},"excerpt":{"rendered":"<p>[vc_row full_width=\u00a0\u00bbstretch_row_content\u00a0\u00bb css=\u00a0\u00bb.vc_custom_1495182894371{margin-right: 30px !important;margin-left: 30px !important;border-bottom-width: -40px !important;}\u00a0\u00bb][vc_column][vc_column_text] Investissements Investissements \u00e0 Comporta [\/vc_column_text][\/vc_column][\/vc_row][vc_row full_width=\u00a0\u00bbstretch_row\u00a0\u00bb content_placement=\u00a0\u00bbmiddle\u00a0\u00bb disable_element=\u00a0\u00bbyes\u00a0\u00bb css=\u00a0\u00bb.vc_custom_1496645825265{background-color: #5f5c31 !important;}\u00a0\u00bb][vc_column][vc_column_text css=\u00a0\u00bb.vc_custom_1495804577770{padding-right: 30px !important;padding-left: 30px !important;}\u00a0\u00bb] Partenaires En sus du solide &#8230;<\/p>\n","protected":false},"author":1,"featured_media":0,"parent":0,"menu_order":0,"comment_status":"closed","ping_status":"closed","template":"","meta":{"footnotes":""},"class_list":["post-976","page","type-page","status-publish","hentry"],"_links":{"self":[{"href":"https:\/\/www.comporta-signature.com\/fr\/wp-json\/wp\/v2\/pages\/976","targetHints":{"allow":["GET"]}}],"collection":[{"href":"https:\/\/www.comporta-signature.com\/fr\/wp-json\/wp\/v2\/pages"}],"about":[{"href":"https:\/\/www.comporta-signature.com\/fr\/wp-json\/wp\/v2\/types\/page"}],"author":[{"embeddable":true,"href":"https:\/\/www.comporta-signature.com\/fr\/wp-json\/wp\/v2\/users\/1"}],"replies":[{"embeddable":true,"href":"https:\/\/www.comporta-signature.com\/fr\/wp-json\/wp\/v2\/comments?post=976"}],"version-history":[{"count":150,"href":"https:\/\/www.comporta-signature.com\/fr\/wp-json\/wp\/v2\/pages\/976\/revisions"}],"predecessor-version":[{"id":2077,"href":"https:\/\/www.comporta-signature.com\/fr\/wp-json\/wp\/v2\/pages\/976\/revisions\/2077"}],"wp:attachment":[{"href":"https:\/\/www.comporta-signature.com\/fr\/wp-json\/wp\/v2\/media?parent=976"}],"curies":[{"name":"wp","href":"https:\/\/api.w.org\/{rel}","templated":true}]}}