{"id":8,"date":"2016-12-17T06:24:41","date_gmt":"2016-12-17T06:24:41","guid":{"rendered":"http:\/\/localhost\/COLAB\/Margo\/WordPress\/?page_id=8"},"modified":"2019-05-24T11:20:11","modified_gmt":"2019-05-24T11:20:11","slug":"contacts","status":"publish","type":"page","link":"https:\/\/www.comporta-signature.com\/fr\/contacts\/","title":{"rendered":"Contactez Nous"},"content":{"rendered":"<p>[vc_row full_width=\u00a0\u00bbstretch_row_content\u00a0\u00bb css=\u00a0\u00bb.vc_custom_1495182894371{margin-right: 30px !important;margin-left: 30px !important;border-bottom-width: -40px !important;}\u00a0\u00bb][vc_column][vc_column_text]<\/p>\n<p style=\"text-align: center;\"><span style=\"font-family: 'La Belle Aurore', cursive; font-size: 50px; margin-top: 30px; color: #5f5d2e;\">Contact<\/span><\/p>\n<h1 style=\"font-family: 'La Belle Aurore', cursive; color: #9c8c56; text-align: center; font-size: 30px; padding-left: 40px; padding-right: 40px;\">Comporta Signature, v\u00f4tre partenaire d\u2019\u00e9chapp\u00e9e belle<\/h1>\n<p>[\/vc_column_text][vc_empty_space height=\u00a0\u00bb80px\u00a0\u00bb][\/vc_column][\/vc_row][vc_row full_width=\u00a0\u00bbstretch_row_content_no_spaces\u00a0\u00bb content_placement=\u00a0\u00bbtop\u00a0\u00bb css=\u00a0\u00bb.vc_custom_1496838001870{margin-top: -80px !important;border-bottom-width: 2px !important;background-position: center !important;background-repeat: no-repeat !important;background-size: contain !important;border-bottom-color: #ffffff !important;border-bottom-style: solid !important;}\u00a0\u00bb][vc_column width=\u00a0\u00bb2\/3&Prime; css=\u00a0\u00bb.vc_custom_1495192531741{background-image: url(http:\/\/www.comporta-signature.com\/wp-content\/uploads\/2016\/12\/mapa.jpg?id=1184) !important;background-position: center !important;background-repeat: no-repeat !important;background-size: contain !important;}\u00a0\u00bb][vc_empty_space height=\u00a0\u00bb660px\u00a0\u00bb][\/vc_column][vc_column width=\u00a0\u00bb1\/3&Prime; css=\u00a0\u00bb.vc_custom_1496138055667{background-color: #5f5d2e !important;}\u00a0\u00bb][vc_empty_space][vc_column_text]<\/p>\n<p style=\"text-align: center;\"><span style=\"font-size: 25px;\"><strong><span style=\"font-family: 'La Belle Aurore', cursive; text-align: center; line-height: 18px; letter-spacing: 0.05em; color: #fff;\">Developer &amp; Management<\/span><\/strong><\/span><\/p>\n<p style=\"text-align: center;\"><span style=\"font-size: 14px;\"><a href=\"mailto:bernie@comporta-signature.com\"><strong><span style=\"font-family: Cantarell, sans-serif; text-align: center; line-height: 18px; text-transform: uppercase; letter-spacing: 0.05em; color: #9c8c56;\">bernie@comporta-signature.com<\/span><\/strong><\/a><\/span><\/p>\n<p>[\/vc_column_text][vc_empty_space][vc_column_text]<\/p>\n<p style=\"text-align: center;\"><span style=\"font-size: 25px;\"><strong><span style=\"font-family: 'La Belle Aurore', cursive; text-align: center; line-height: 18px; letter-spacing: 0.05em; color: #fff;\">Interior Design<\/span><\/strong><\/span><\/p>\n<p style=\"text-align: center;\"><span style=\"font-size: 14px;\"><a href=\"mailto:livia@comporta-signature.com\"><strong><span style=\"font-family: Cantarell, sans-serif; text-align: center; line-height: 18px; text-transform: uppercase; letter-spacing: 0.05em; color: #9c8c56;\">livia@comporta-signature.com<\/span><\/strong><\/a><\/span><\/p>\n<p>[\/vc_column_text][vc_empty_space height=\u00a0\u00bb45px\u00a0\u00bb][\/vc_column][\/vc_row][vc_row full_width=\u00a0\u00bbstretch_row_content_no_spaces\u00a0\u00bb equal_height=\u00a0\u00bbyes\u00a0\u00bb content_placement=\u00a0\u00bbmiddle\u00a0\u00bb css=\u00a0\u00bb.vc_custom_1496745259373{border-bottom-width: 3px !important;background-position: center !important;background-repeat: no-repeat !important;background-size: cover !important;border-bottom-color: #ffffff !important;border-bottom-style: solid !important;}\u00a0\u00bb][vc_column width=\u00a0\u00bb1\/2&Prime; css=\u00a0\u00bb.vc_custom_1496660859241{background-image: url(http:\/\/www.comporta-signature.com\/wp-content\/uploads\/2017\/06\/couple-morgan.jpg?id=1511) !important;background-position: center !important;background-repeat: no-repeat !important;background-size: cover !important;}\u00a0\u00bb][vc_empty_space height=\u00a0\u00bb523px\u00a0\u00bb][\/vc_column][vc_column width=\u00a0\u00bb1\/2&Prime; css=\u00a0\u00bb.vc_custom_1497005084232{background-color: #9c8c56 !important;}\u00a0\u00bb][vc_column_text css=\u00a0\u00bb.vc_custom_1497340766098{padding-top: 30px !important;padding-right: 30px !important;padding-left: 30px !important;}\u00a0\u00bb]<\/p>\n<p style=\"text-align: left;\"><span style=\"font-family: 'La Belle Aurore', cursive; text-align: center; font-size: 22px; line-height: 18px; letter-spacing: 0.05em; color: #fff;\"><strong>Votre partenaire d\u2019\u00e9chapp\u00e9e belle<\/strong><\/span><\/p>\n<p style=\"text-align: left;\"><span style=\"font-family: 'Cantarell', sans-serif; text-align: center; font-size: 11px; line-height: 18px; text-transform: uppercase; letter-spacing: 0.05em; color: #fff;\">Apr\u00e8s Marbella, Bahia,\u00a0Marrakech, Comporta est notre dernier coup de foudre et sans nul doute le plus passionnel.\u2028Nous sommes fiers et enthousiastes d\u2019y compter parmi les Comportaddicts et de cultiver la Comportattitude. Pour la parcourir ensemble, nous organisons int\u00e9gralement votre s\u00e9jour-d\u00e9couverte\u00a0: r\u00e9servation, accueil, accompagnement, bonnes adresses. Du sur-mesure comme tout ce que nous proposons.<br \/>\nPour concr\u00e9tiser v\u00f4tre acquisition, un modus operandi bien huil\u00e9 et sans surprises depuis la s\u00e9lection du terrain jusqu\u2019\u00e0 la livraison des parasols de piscine&#8230;\u2028Chaque versement est d\u00e9pos\u00e9 en compte s\u00e9questre avec d\u00e9blocage progressif contre certifications de travaux. Chaque lib\u00e9ration de fonds correspond \u00e0 une livraison partielle ou totale selon le calendrier d\u2019ex\u00e9cution.<\/span><\/p>\n<p style=\"text-align: left;\"><span style=\"font-family: 'Cantarell', sans-serif; text-align: center; font-size: 11px; line-height: 18px; text-transform: uppercase; letter-spacing: 0.05em; color: #fff;\">Selon les sp\u00e9cificit\u00e9s de l\u2019emplacement et le cahier des charges propre \u00e0 chaque projet, v\u00f4tre beach &amp; country home sera pr\u00eat \u00e0 vivre dans 12 \u00e0 15 mois.<\/span><\/p>\n<p><span style=\"text-align: right; font-family: 'La Belle Aurore', cursive; font-size: 20px; color: #fff;\"><strong>A bient\u00f4t\u2026<\/strong><\/span>[\/vc_column_text][\/vc_column][\/vc_row][vc_row full_width=\u00a0\u00bbstretch_row\u00a0\u00bb content_placement=\u00a0\u00bbmiddle\u00a0\u00bb css=\u00a0\u00bb.vc_custom_1496738488141{background-image: url(http:\/\/www.comporta-signature.com\/wp-content\/uploads\/2016\/12\/Praia-do-Pinheirinho-14.jpg?id=1576) !important;background-position: center !important;background-repeat: no-repeat !important;background-size: cover !important;}\u00a0\u00bb][vc_column]<p class=\"wpcf7-contact-form-not-found\"><strong>Erreur\u00a0:<\/strong> Formulaire de contact non trouv\u00e9\u00a0!<\/p>[vc_empty_space][\/vc_column][\/vc_row][vc_row full_width=\u00a0\u00bbstretch_row\u00a0\u00bb content_placement=\u00a0\u00bbmiddle\u00a0\u00bb css=\u00a0\u00bb.vc_custom_1496997424653{background-color: #9c8c56 !important;}\u00a0\u00bb][vc_column][vc_column_text]<img decoding=\"async\" class=\"aligncenter\" src=\"http:\/\/www.comporta-signature.com\/wp-content\/uploads\/2017\/06\/white.svg\" width=\"320\" height=\"auto\" \/>[\/vc_column_text][\/vc_column][\/vc_row][vc_row full_width=\u00a0\u00bbstretch_row_content\u00a0\u00bb css=\u00a0\u00bb.vc_custom_1558694233495{background-color: #9c8c56 !important;}\u00a0\u00bb][vc_column][vc_wp_custommenu nav_menu=\u00a0\u00bb21&Prime; el_id=\u00a0\u00bbmenuHorizontal\u00a0\u00bb][\/vc_column][\/vc_row]<\/p>","protected":false},"excerpt":{"rendered":"<p>[vc_row full_width=\u00a0\u00bbstretch_row_content\u00a0\u00bb css=\u00a0\u00bb.vc_custom_1495182894371{margin-right: 30px !important;margin-left: 30px !important;border-bottom-width: -40px !important;}\u00a0\u00bb][vc_column][vc_column_text] Contact Comporta Signature, v\u00f4tre partenaire d\u2019\u00e9chapp\u00e9e belle [\/vc_column_text][vc_empty_space height=\u00a0\u00bb80px\u00a0\u00bb][\/vc_column][\/vc_row][vc_row full_width=\u00a0\u00bbstretch_row_content_no_spaces\u00a0\u00bb content_placement=\u00a0\u00bbtop\u00a0\u00bb css=\u00a0\u00bb.vc_custom_1496838001870{margin-top: -80px !important;border-bottom-width: 2px !important;background-position: center !important;background-repeat: no-repeat !important;background-size: contain &#8230;<\/p>\n","protected":false},"author":1,"featured_media":0,"parent":0,"menu_order":0,"comment_status":"closed","ping_status":"closed","template":"","meta":{"footnotes":""},"class_list":["post-8","page","type-page","status-publish","hentry"],"_links":{"self":[{"href":"https:\/\/www.comporta-signature.com\/fr\/wp-json\/wp\/v2\/pages\/8","targetHints":{"allow":["GET"]}}],"collection":[{"href":"https:\/\/www.comporta-signature.com\/fr\/wp-json\/wp\/v2\/pages"}],"about":[{"href":"https:\/\/www.comporta-signature.com\/fr\/wp-json\/wp\/v2\/types\/page"}],"author":[{"embeddable":true,"href":"https:\/\/www.comporta-signature.com\/fr\/wp-json\/wp\/v2\/users\/1"}],"replies":[{"embeddable":true,"href":"https:\/\/www.comporta-signature.com\/fr\/wp-json\/wp\/v2\/comments?post=8"}],"version-history":[{"count":115,"href":"https:\/\/www.comporta-signature.com\/fr\/wp-json\/wp\/v2\/pages\/8\/revisions"}],"predecessor-version":[{"id":2075,"href":"https:\/\/www.comporta-signature.com\/fr\/wp-json\/wp\/v2\/pages\/8\/revisions\/2075"}],"wp:attachment":[{"href":"https:\/\/www.comporta-signature.com\/fr\/wp-json\/wp\/v2\/media?parent=8"}],"curies":[{"name":"wp","href":"https:\/\/api.w.org\/{rel}","templated":true}]}}