{"id":2025,"date":"2019-05-17T11:30:05","date_gmt":"2019-05-17T11:30:05","guid":{"rendered":"https:\/\/www.comporta-signature.com\/?page_id=2025"},"modified":"2019-05-24T11:27:27","modified_gmt":"2019-05-24T11:27:27","slug":"projects-abroad","status":"publish","type":"page","link":"https:\/\/www.comporta-signature.com\/fr\/projects-abroad\/","title":{"rendered":"Projets \u00e0 l&rsquo;\u00e9tranger"},"content":{"rendered":"<p>[vc_row full_width=\u00a0\u00bbstretch_row_content\u00a0\u00bb css=\u00a0\u00bb.vc_custom_1495182894371{margin-right: 30px !important;margin-left: 30px !important;border-bottom-width: -40px !important;}\u00a0\u00bb][vc_column][vc_column_text]<\/p>\n<p style=\"text-align: center;\"><span style=\"font-family: 'La Belle Aurore', cursive; font-size: 50px; margin-top: 30px; color: #9c8c56;\">Projets \u00e0 l&rsquo;\u00e9tranger<\/span><\/p>\n<h1 style=\"font-family: 'Cormorant Garamond', serif; color: #9c8c56; text-align: center; font-size: 34px; padding-left: 30px; padding-right: 40px;\">Br\u00e9sil: Projets en cours<\/h1>\n<p>[\/vc_column_text][\/vc_column][\/vc_row][vc_row full_width=\u00a0\u00bbstretch_row_content_no_spaces\u00a0\u00bb][vc_column][vc_column_text css=\u00a0\u00bb.vc_custom_1497340976187{padding-right: 30px !important;padding-left: 30px !important;}\u00a0\u00bb]<\/p>\n<p style=\"text-align: center;\"><span style=\"font-family: 'La Belle Aurore', cursive; text-align: center; font-size: 35px; line-height: 18px; color: #9c8c56;\">Br\u00e9sil: Projets en cours<\/span><\/p>\n<p style=\"text-align: center;\"><span style=\"font-family: 'La Belle Aurore', cursive; text-align: center; font-size: 22px; line-height: 18px; color: #9c8c56;\">Comporta Signature Lda est \u2013via son associ\u00e9 fondateur- partenaire d\u2019un vaste projet de resort sur la C\u00f4te de la D\u00e9couverte \u00e0 Bahia (Br\u00e9sil) <a href=\"http:\/\/www.belmontebahiabeachvillage.com.br\" target=\"_blank\" rel=\"noopener noreferrer\">www.belmontebahiabeachvillage.com.br<\/a><br \/>\nLe projet comprendra 600 villas individuelles avec boutique-h\u00f4tel, beach-club, Pitch and putt de golf, centre \u00e9questre et tennis, situ\u00e9 \u00e0 Belmonte village colonial anciennement capitale des rois du cacao<br \/>\n<\/span><\/p>\n<p>[\/vc_column_text][vc_empty_space height=\u00a0\u00bb20px\u00a0\u00bb][vc_single_image image=\u00a0\u00bb1821&Prime; img_size=\u00a0\u00bblarge\u00a0\u00bb alignment=\u00a0\u00bbcenter\u00a0\u00bb][vc_empty_space height=\u00a0\u00bb20px\u00a0\u00bb][\/vc_column][\/vc_row][vc_row full_width=\u00a0\u00bbstretch_row\u00a0\u00bb content_placement=\u00a0\u00bbmiddle\u00a0\u00bb parallax=\u00a0\u00bbcontent-moving\u00a0\u00bb css=\u00a0\u00bb.vc_custom_1493885335197{background-image: url(http:\/\/www.comporta-signature.com\/wp-content\/uploads\/2017\/05\/160701_P01.jpg?id=995) !important;background-position: center;background-repeat: no-repeat !important;background-size: cover !important;}\u00a0\u00bb][vc_column][vc_empty_space height=\u00a0\u00bb600px\u00a0\u00bb][\/vc_column][\/vc_row][vc_row full_width=\u00a0\u00bbstretch_row_content_no_spaces\u00a0\u00bb][vc_column css=\u00a0\u00bb.vc_custom_1495804352542{background-color: #5f5c31 !important;}\u00a0\u00bb][vc_column_text css=\u00a0\u00bb.vc_custom_1496660237711{padding-right: 30px !important;padding-left: 30px !important;}\u00a0\u00bb]<\/p>\n<p style=\"text-align: center;\"><span style=\"font-family: 'La Belle Aurore', cursive; text-align: center; font-size: 22px; line-height: 18px; color: #fff;\">Le concept est largement inspir\u00e9 des formats et mod\u00e8les existant en Floride ou \u00e0 Marbella, offrant un produit de \u00ab luxe compact mais accessible \u00bb \u00e0 vocation touristique<\/span><\/p>\n<p>[\/vc_column_text][\/vc_column][\/vc_row][vc_row full_width=\u00a0\u00bbstretch_row\u00a0\u00bb content_placement=\u00a0\u00bbmiddle\u00a0\u00bb parallax=\u00a0\u00bbcontent-moving\u00a0\u00bb css=\u00a0\u00bb.vc_custom_1493886170728{background-image: url(http:\/\/www.comporta-signature.com\/wp-content\/uploads\/2017\/05\/MINIMALIST-BRAZILIAN2.jpg?id=1012) !important;background-position: center;background-repeat: no-repeat !important;background-size: cover !important;}\u00a0\u00bb][vc_column][vc_empty_space height=\u00a0\u00bb600px\u00a0\u00bb][\/vc_column][\/vc_row][vc_row full_width=\u00a0\u00bbstretch_row_content_no_spaces\u00a0\u00bb][vc_column css=\u00a0\u00bb.vc_custom_1497004499197{background-color: #9c8c56 !important;}\u00a0\u00bb][vc_column_text css=\u00a0\u00bb.vc_custom_1496660247592{padding-right: 30px !important;padding-left: 30px !important;}\u00a0\u00bb]<\/p>\n<p style=\"text-align: center;\"><span style=\"font-family: 'La Belle Aurore', cursive; text-align: center; font-size: 22px; line-height: 18px; color: #fff;\">Bien que ce mod\u00e8le soit fort \u00e9loign\u00e9 des projets en pr\u00e9paration \u00e0 Comporta, il se situera dans le m\u00eame esprit perfectionniste et cr\u00e9atif.<br \/>\nComporta Signature Lda est \u00e9galement impliqu\u00e9 dans divers investissements de land-banking dans l\u2019 \u00c9tat de Bahia<\/span><\/p>\n<p>[\/vc_column_text][\/vc_column][\/vc_row][vc_row full_width=\u00a0\u00bbstretch_row\u00a0\u00bb content_placement=\u00a0\u00bbmiddle\u00a0\u00bb disable_element=\u00a0\u00bbyes\u00a0\u00bb css=\u00a0\u00bb.vc_custom_1496645825265{background-color: #5f5c31 !important;}\u00a0\u00bb][vc_column][vc_column_text css=\u00a0\u00bb.vc_custom_1495804577770{padding-right: 30px !important;padding-left: 30px !important;}\u00a0\u00bb]<\/p>\n<p style=\"text-align: center;\"><span style=\"font-family: 'La Belle Aurore', cursive; text-align: center; font-size: 30px; line-height: 18px; color: #fff;\">Partenaires<\/span><\/p>\n<p style=\"text-align: center;\"><span style=\"font-family: 'La Belle Aurore', cursive; text-align: center; font-size: 22px; line-height: 18px; color: #fff;\">En sus du solide Dream Team pr\u00e9sent\u00e9 plus haut, Comporta Signature a \u00e9tabli des <span style=\"font-family: 'Cormorant Garamond', serif; text-align: center; font-size: 19px; line-height: 18px; color: #fff;\"><em>PARTENARIATS D\u2019AFFINIT\u00c9S<\/em><\/span> avec des acteurs de n\u00f4tre secteur remarquables par leur <span style=\"font-family: 'Cormorant Garamond', serif; text-align: center; font-size: 19px; line-height: 18px; color: #fff;\"><em>COMPORTATTITUDE<\/em><\/span> et leur perfectionnisme.<\/span><\/p>\n<p>[\/vc_column_text][\/vc_column][\/vc_row][vc_row full_width=\u00a0\u00bbstretch_row_content\u00a0\u00bb content_placement=\u00a0\u00bbmiddle\u00a0\u00bb parallax=\u00a0\u00bbcontent-moving\u00a0\u00bb disable_element=\u00a0\u00bbyes\u00a0\u00bb css=\u00a0\u00bb.vc_custom_1496645833774{background-position: center;background-repeat: no-repeat !important;background-size: cover !important;}\u00a0\u00bb][vc_column width=\u00a0\u00bb1\/2&Prime;][vc_empty_space height=\u00a0\u00bb150px\u00a0\u00bb][\/vc_column][vc_column width=\u00a0\u00bb1\/2&Prime; css=\u00a0\u00bb.vc_custom_1495812531701{background-color: #ecd066 !important;}\u00a0\u00bb][vc_column_text css=\u00a0\u00bb.vc_custom_1495804988741{padding-right: 30px !important;padding-left: 30px !important;}\u00a0\u00bb]<\/p>\n<p style=\"text-align: center;\"><span style=\"font-family: 'La Belle Aurore', cursive; text-align: center; font-size: 22px; line-height: 18px; color: #414141;\">Est-il encore besoin de pr\u00e9senter les superbes cr\u00e9ations raw-chic fashion de Gabriella\u2026\u2026.? Et qui aurait pu mieux qu\u2019 Antik Batik habiller nos int\u00e9rieurs \u00e0 Comporta? Vous y retrouverez donc la ligne \u00ab Maison \u00bb r\u00e9cemment cr\u00e9\u00e9e autour du c\u00e9l\u00e8bre style de la marque.<\/span><\/p>\n<p>[\/vc_column_text][\/vc_column][\/vc_row][vc_row full_width=\u00a0\u00bbstretch_row_content_no_spaces\u00a0\u00bb content_placement=\u00a0\u00bbmiddle\u00a0\u00bb parallax=\u00a0\u00bbcontent-moving\u00a0\u00bb disable_element=\u00a0\u00bbyes\u00a0\u00bb css=\u00a0\u00bb.vc_custom_1496645841371{background-position: center;background-repeat: no-repeat !important;background-size: cover !important;}\u00a0\u00bb][vc_column width=\u00a0\u00bb1\/2&Prime; css=\u00a0\u00bb.vc_custom_1495811803178{padding-left: 30px !important;background-color: #5f5c31 !important;}\u00a0\u00bb][vc_empty_space height=\u00a0\u00bb25px\u00a0\u00bb][vc_column_text css=\u00a0\u00bb.vc_custom_1495812294159{padding-right: 60px !important;padding-left: 30px !important;}\u00a0\u00bb]<\/p>\n<p style=\"text-align: center;\"><span style=\"font-family: 'La Belle Aurore', cursive; text-align: center; font-size: 22px; line-height: 18px; color: #fff;\">Comporta est depuis 4 g\u00e9n\u00e9rations le fief de la famille Espirito Santo, premier patrimoine du Portugal. La \u00ab quinta \u00bb familiale de Comporta n\u2019y occupe pas moins de 15.000 ha sur 30 km de c\u00f4te\u2026<br \/>\nPatricia Brito e Cunha est l\u2019une des figures plus proactives du consortium. Dans la plus pure ligne <span style=\"font-family: 'Cormorant Garamond', serif; text-align: center; font-size: 19px; line-height: 18px; color: #fff;\"><strong>COMPORTADDICT<\/strong><\/span> elle a cr\u00e9\u00e9 <span style=\"font-family: 'Cormorant Garamond', serif; text-align: center; font-size: 19px; line-height: 18px; color: #fff;\"><strong>CUSH CUSH SPIRIT COMPORTA<\/strong><\/span>, un tr\u00e8s bel artisanat \u00e9co-chic enti\u00e8rement d\u00e9di\u00e9 aux coussins et si\u00e8ges.<\/span><\/p>\n<p>[\/vc_column_text][vc_empty_space height=\u00a0\u00bb25px\u00a0\u00bb][\/vc_column][vc_column width=\u00a0\u00bb1\/2&Prime; css=\u00a0\u00bb.vc_custom_1495811812172{padding-right: 30px !important;}\u00a0\u00bb][vc_single_image image=\u00a0\u00bb1408&Prime; img_size=\u00a0\u00bb333&#215;250&Prime; alignment=\u00a0\u00bbcenter\u00a0\u00bb][\/vc_column][\/vc_row][vc_row full_width=\u00a0\u00bbstretch_row_content\u00a0\u00bb content_placement=\u00a0\u00bbmiddle\u00a0\u00bb parallax=\u00a0\u00bbcontent-moving\u00a0\u00bb disable_element=\u00a0\u00bbyes\u00a0\u00bb css=\u00a0\u00bb.vc_custom_1496645852864{background-position: center;background-repeat: no-repeat !important;background-size: cover !important;}\u00a0\u00bb][vc_column width=\u00a0\u00bb1\/2&Prime;][vc_empty_space height=\u00a0\u00bb150px\u00a0\u00bb][\/vc_column][vc_column width=\u00a0\u00bb1\/2&Prime; css=\u00a0\u00bb.vc_custom_1495812447826{background-color: #ecd066 !important;}\u00a0\u00bb][vc_column_text css=\u00a0\u00bb.vc_custom_1495812503136{padding-right: 30px !important;padding-left: 30px !important;}\u00a0\u00bb]<\/p>\n<p style=\"text-align: center;\"><span style=\"font-family: 'La Belle Aurore', cursive; text-align: center; font-size: 22px; line-height: 18px; color: #414141;\">Ce groupe familial finlandais n\u2019est rien moins que le premier constructeur mondial de maisons modulaires \u00e0 structure bois de tr\u00e8s haute qualit\u00e9. Adoss\u00e9es \u00e0 une exp\u00e9rience plus que centenaire leurs spectaculaires cr\u00e9ations offrent un large \u00e9ventail de lignes contemporaines d\u2019un niveau technique et d\u2019une solidit\u00e9 impressionnants. Comporta et sa tradition \u00ab bois \u00bb sont \u00e9videmment un lieu de pr\u00e9dilection pour le savoir-faire de la <span style=\"font-family: 'Cormorant Garamond', serif; text-align: center; font-size: 19px; line-height: 18px; color: #414141;\"><strong>POLARLIFEHAUS<\/strong><\/span> dont nous sommes fiers de piloter l\u2019introduction au Portugal .<\/span><\/p>\n<p>[\/vc_column_text][\/vc_column][\/vc_row][vc_row full_width=\u00a0\u00bbstretch_row_content\u00a0\u00bb css=\u00a0\u00bb.vc_custom_1558694233495{background-color: #9c8c56 !important;}\u00a0\u00bb][vc_column][vc_wp_custommenu nav_menu=\u00a0\u00bb21&Prime; el_id=\u00a0\u00bbmenuHorizontal\u00a0\u00bb][\/vc_column][\/vc_row]<\/p>","protected":false},"excerpt":{"rendered":"<p>[vc_row full_width=\u00a0\u00bbstretch_row_content\u00a0\u00bb css=\u00a0\u00bb.vc_custom_1495182894371{margin-right: 30px !important;margin-left: 30px !important;border-bottom-width: -40px !important;}\u00a0\u00bb][vc_column][vc_column_text] Projets \u00e0 l&rsquo;\u00e9tranger Br\u00e9sil: Projets en cours [\/vc_column_text][\/vc_column][\/vc_row][vc_row full_width=\u00a0\u00bbstretch_row_content_no_spaces\u00a0\u00bb][vc_column][vc_column_text css=\u00a0\u00bb.vc_custom_1497340976187{padding-right: 30px !important;padding-left: 30px !important;}\u00a0\u00bb] Br\u00e9sil: Projets en cours Comporta Signature Lda &#8230;<\/p>\n","protected":false},"author":2,"featured_media":0,"parent":0,"menu_order":0,"comment_status":"closed","ping_status":"closed","template":"","meta":{"footnotes":""},"class_list":["post-2025","page","type-page","status-publish","hentry"],"_links":{"self":[{"href":"https:\/\/www.comporta-signature.com\/fr\/wp-json\/wp\/v2\/pages\/2025","targetHints":{"allow":["GET"]}}],"collection":[{"href":"https:\/\/www.comporta-signature.com\/fr\/wp-json\/wp\/v2\/pages"}],"about":[{"href":"https:\/\/www.comporta-signature.com\/fr\/wp-json\/wp\/v2\/types\/page"}],"author":[{"embeddable":true,"href":"https:\/\/www.comporta-signature.com\/fr\/wp-json\/wp\/v2\/users\/2"}],"replies":[{"embeddable":true,"href":"https:\/\/www.comporta-signature.com\/fr\/wp-json\/wp\/v2\/comments?post=2025"}],"version-history":[{"count":9,"href":"https:\/\/www.comporta-signature.com\/fr\/wp-json\/wp\/v2\/pages\/2025\/revisions"}],"predecessor-version":[{"id":2080,"href":"https:\/\/www.comporta-signature.com\/fr\/wp-json\/wp\/v2\/pages\/2025\/revisions\/2080"}],"wp:attachment":[{"href":"https:\/\/www.comporta-signature.com\/fr\/wp-json\/wp\/v2\/media?parent=2025"}],"curies":[{"name":"wp","href":"https:\/\/api.w.org\/{rel}","templated":true}]}}