{"id":153,"date":"2016-12-17T05:13:25","date_gmt":"2016-12-17T05:13:25","guid":{"rendered":"http:\/\/localhost\/COLAB\/Margo\/WordPress\/?page_id=2"},"modified":"2019-05-24T11:28:54","modified_gmt":"2019-05-24T11:28:54","slug":"comporta","status":"publish","type":"page","link":"https:\/\/www.comporta-signature.com\/fr\/comporta\/","title":{"rendered":"Comporta"},"content":{"rendered":"<p>[vc_row full_width=\u00a0\u00bbstretch_row_content\u00a0\u00bb css=\u00a0\u00bb.vc_custom_1495182894371{margin-right: 30px !important;margin-left: 30px !important;border-bottom-width: -40px !important;}\u00a0\u00bb][vc_column][vc_column_text]<\/p>\n<p style=\"text-align: center;\"><span style=\"font-family: 'La Belle Aurore', cursive; font-size: 50px; padding-left: 40px; margin-top: 30px; color: #9c8c56;\">Comporta, l\u2019\u00e9chapp\u00e9e belle<\/span><\/p>\n<p style=\"text-align: center; padding-right: 40px;\"><span style=\"font-family: 'La Belle Aurore', cursive; font-size: 30px; text-align: center; color: #9c8c56;\">Hier Formentera ou Cap Ferret, aujourd\u2019hui -et demain- Comporta et ses 60 km de plage vierge Adoss\u00e9e \u00e0 ses milliers d\u2019hectares de pin\u00e8des, ch\u00eanes-li\u00e8ge et rizi\u00e8res<\/span><\/p>\n<p>[\/vc_column_text][\/vc_column][\/vc_row][vc_row full_width=\u00a0\u00bbstretch_row_content_no_spaces\u00a0\u00bb content_placement=\u00a0\u00bbmiddle\u00a0\u00bb css=\u00a0\u00bb.vc_custom_1495187855120{background-position: center !important;background-repeat: no-repeat !important;background-size: cover !important;}\u00a0\u00bb][vc_column 0=\u00a0\u00bb\u00a0\u00bb css=\u00a0\u00bb.vc_custom_1495195692502{background-image: url(http:\/\/www.comporta-signature.com\/wp-content\/uploads\/2016\/12\/02_Comporta_Beach_edited.jpg?id=532) !important;background-position: center !important;background-repeat: no-repeat !important;background-size: cover !important;}\u00a0\u00bb][vc_empty_space height=\u00a0\u00bb400px\u00a0\u00bb][\/vc_column][\/vc_row][vc_row full_width=\u00a0\u00bbstretch_row\u00a0\u00bb content_placement=\u00a0\u00bbmiddle\u00a0\u00bb css=\u00a0\u00bb.vc_custom_1492688992916{background-color: #ffffff !important;}\u00a0\u00bb][vc_column 0=\u00a0\u00bb\u00a0\u00bb][vc_column_text 0=\u00a0\u00bb\u00a0\u00bb css=\u00a0\u00bb.vc_custom_1496659611407{padding-bottom: 20px !important;}\u00a0\u00bb]<\/p>\n<p style=\"text-align: center;\"><span style=\"font-family: 'La Belle Aurore', cursive; text-align: center; font-size: 30px; line-height: 18px; text-transform: none; letter-spacing: 0.05em; color: #444;\">A 1 heure d\u2019autoroute de la charismatique\u00a0Lisbonne, les amoureux du retour aux sources ont \u00e9lu leur secret bien gard\u00e9<\/span><\/p>\n<p>[\/vc_column_text][vc_empty_space][\/vc_column][\/vc_row][vc_row full_width=\u00a0\u00bbstretch_row_content_no_spaces\u00a0\u00bb content_placement=\u00a0\u00bbmiddle\u00a0\u00bb css=\u00a0\u00bb.vc_custom_1492697397401{margin-top: -45px !important;}\u00a0\u00bb][vc_column 0=\u00a0\u00bb\u00a0\u00bb css=\u00a0\u00bb.vc_custom_1495188018057{margin-right: 0px !important;margin-left: 0px !important;border-right-width: 0px !important;border-left-width: 0px !important;padding-right: 0px !important;padding-left: 0px !important;background-image: url(http:\/\/www.comporta-signature.com\/wp-content\/uploads\/2016\/12\/carosel2-2.jpg?id=365) !important;background-position: center !important;background-repeat: no-repeat !important;background-size: cover !important;}\u00a0\u00bb][vc_empty_space height=\u00a0\u00bb400px\u00a0\u00bb][\/vc_column][\/vc_row][vc_row full_width=\u00a0\u00bbstretch_row\u00a0\u00bb content_placement=\u00a0\u00bbmiddle\u00a0\u00bb css=\u00a0\u00bb.vc_custom_1492688992916{background-color: #ffffff !important;}\u00a0\u00bb][vc_column 0=\u00a0\u00bb\u00a0\u00bb][vc_column_text 0=\u00a0\u00bb\u00a0\u00bb]<\/p>\n<p style=\"text-align: center;\"><span style=\"font-family: 'La Belle Aurore', cursive; text-align: center; font-size: 30px; line-height: 18px; text-transform: none; letter-spacing: 0.05em; color: #414042;\"> La p\u00e9ninsule de Troia est \u00e0 15 mn avec sa marina, son casino, ses h\u00f4tels et son golf 18 trous. Si proche et si loin\u2026\u2028La liste des c\u00e9l\u00e9brit\u00e9s qui y s\u00e9journent ou y vivent remplirait les unes des medias et de la presse people, mais vous aurez peu de chance de les croiser<\/span>[\/vc_column_text][vc_empty_space][\/vc_column][\/vc_row][vc_row full_width=\u00a0\u00bbstretch_row_content_no_spaces\u00a0\u00bb content_placement=\u00a0\u00bbmiddle\u00a0\u00bb css=\u00a0\u00bb.vc_custom_1492697397401{margin-top: -45px !important;}\u00a0\u00bb][vc_column 0=\u00a0\u00bb\u00a0\u00bb css=\u00a0\u00bb.vc_custom_1495187288388{margin-right: 0px !important;margin-left: 0px !important;border-right-width: 0px !important;border-left-width: 0px !important;padding-right: 0px !important;padding-left: 0px !important;background-image: url(http:\/\/www.comporta-signature.com\/wp-content\/uploads\/2017\/04\/shutterstock_182917052.jpg?id=245) !important;background-position: center !important;background-repeat: no-repeat !important;background-size: cover !important;}\u00a0\u00bb][vc_empty_space height=\u00a0\u00bb400px\u00a0\u00bb][\/vc_column][\/vc_row][vc_row full_width=\u00a0\u00bbstretch_row\u00a0\u00bb css=\u00a0\u00bb.vc_custom_1497003110355{margin-top: -40px !important;background-color: #9c8c56 !important;}\u00a0\u00bb][vc_column 0=\u00a0\u00bb\u00a0\u00bb][vc_column_text 0=\u00a0\u00bb\u00a0\u00bb]<\/p>\n<p style=\"text-align: center;\"><span style=\"font-family: 'La Belle Aurore', cursive; text-align: center; font-size: 30px; line-height: 18px; text-transform: none; letter-spacing: 0.05em; color: #fff;\">Ici la discr\u00e9tion est une culture et la passion pour la nature \u00ab\u00a0brute\u00a0\u00bb un mode de vie.\u2028C\u2019est ici que nous implantons nos cr\u00e9ations d\u2019artisans immobiliers, avec une jeune \u00e9quipe d\u2019architectes et d\u2019int\u00e9rioristes adoss\u00e9s \u00e0 nos 30 ans d\u2019exp\u00e9rience \u00e0 Marbella et au Br\u00e9sil<\/span>[\/vc_column_text][vc_empty_space][\/vc_column][\/vc_row][vc_row full_width=\u00a0\u00bbstretch_row_content_no_spaces\u00a0\u00bb content_placement=\u00a0\u00bbmiddle\u00a0\u00bb css=\u00a0\u00bb.vc_custom_1492697397401{margin-top: -45px !important;}\u00a0\u00bb][vc_column 0=\u00a0\u00bb\u00a0\u00bb css=\u00a0\u00bb.vc_custom_1497003356589{margin-right: 0px !important;margin-left: 0px !important;border-right-width: 0px !important;border-left-width: 0px !important;padding-right: 0px !important;padding-left: 0px !important;background-image: url(http:\/\/www.comporta-signature.com\/wp-content\/uploads\/2017\/06\/carosel3.jpg?id=1715) !important;background-position: center !important;background-repeat: no-repeat !important;background-size: cover !important;}\u00a0\u00bb][vc_empty_space height=\u00a0\u00bb400px\u00a0\u00bb][\/vc_column][\/vc_row][vc_row full_width=\u00a0\u00bbstretch_row\u00a0\u00bb content_placement=\u00a0\u00bbmiddle\u00a0\u00bb css=\u00a0\u00bb.vc_custom_1497003254010{background-color: #9c8c56 !important;}\u00a0\u00bb][vc_column][vc_column_text]<img decoding=\"async\" class=\"aligncenter\" src=\"http:\/\/www.comporta-signature.com\/wp-content\/uploads\/2017\/06\/white.svg\" width=\"450\" height=\"auto\" \/>[\/vc_column_text][\/vc_column][\/vc_row][vc_row full_width=\u00a0\u00bbstretch_row_content_no_spaces\u00a0\u00bb][vc_column width=\u00a0\u00bb2\/3&Prime; css=\u00a0\u00bb.vc_custom_1495188119088{background-image: url(http:\/\/www.comporta-signature.com\/wp-content\/uploads\/2016\/12\/05798d.jpg?id=920) !important;background-position: center !important;background-repeat: no-repeat !important;background-size: cover !important;}\u00a0\u00bb][vc_empty_space height=\u00a0\u00bb400px\u00a0\u00bb][\/vc_column][vc_column width=\u00a0\u00bb1\/3&Prime; css=\u00a0\u00bb.vc_custom_1495188915462{background-image: url(http:\/\/www.comporta-signature.com\/wp-content\/uploads\/2016\/12\/05_Share-passion_Nature-1.jpg?id=926) !important;background-position: center !important;background-repeat: no-repeat !important;background-size: cover !important;}\u00a0\u00bb][vc_empty_space height=\u00a0\u00bb400px\u00a0\u00bb][\/vc_column][\/vc_row][vc_row full_width=\u00a0\u00bbstretch_row_content_no_spaces\u00a0\u00bb content_placement=\u00a0\u00bbmiddle\u00a0\u00bb css=\u00a0\u00bb.vc_custom_1492697397401{margin-top: -45px !important;}\u00a0\u00bb][vc_column 0=\u00a0\u00bb\u00a0\u00bb css=\u00a0\u00bb.vc_custom_1495189090419{margin-right: 0px !important;margin-left: 0px !important;border-right-width: 0px !important;border-left-width: 0px !important;padding-right: 0px !important;padding-left: 0px !important;background-image: url(http:\/\/www.comporta-signature.com\/wp-content\/uploads\/2016\/12\/02_Comporta_Flamingos.jpg?id=923) !important;background-position: center !important;background-repeat: no-repeat !important;background-size: cover !important;}\u00a0\u00bb][vc_empty_space height=\u00a0\u00bb400px\u00a0\u00bb][\/vc_column][\/vc_row][vc_row full_width=\u00a0\u00bbstretch_row_content_no_spaces\u00a0\u00bb][vc_column width=\u00a0\u00bb1\/3&Prime; css=\u00a0\u00bb.vc_custom_1495189153461{background-image: url(http:\/\/www.comporta-signature.com\/wp-content\/uploads\/2016\/12\/16727d4.jpg?id=929) !important;background-position: center !important;background-repeat: no-repeat !important;background-size: cover !important;}\u00a0\u00bb][vc_empty_space height=\u00a0\u00bb400px\u00a0\u00bb][\/vc_column][vc_column width=\u00a0\u00bb2\/3&Prime; css=\u00a0\u00bb.vc_custom_1495189182400{background-image: url(http:\/\/www.comporta-signature.com\/wp-content\/uploads\/2016\/12\/18249d5.jpg?id=736) !important;background-position: center !important;background-repeat: no-repeat !important;background-size: cover !important;}\u00a0\u00bb][vc_empty_space height=\u00a0\u00bb400px\u00a0\u00bb][\/vc_column][\/vc_row][vc_row full_width=\u00a0\u00bbstretch_row_content_no_spaces\u00a0\u00bb content_placement=\u00a0\u00bbmiddle\u00a0\u00bb css=\u00a0\u00bb.vc_custom_1492697397401{margin-top: -45px !important;}\u00a0\u00bb][vc_column 0=\u00a0\u00bb\u00a0\u00bb css=\u00a0\u00bb.vc_custom_1495189595923{margin-right: 0px !important;margin-left: 0px !important;border-right-width: 0px !important;border-left-width: 0px !important;padding-right: 0px !important;padding-left: 0px !important;background-image: url(http:\/\/www.comporta-signature.com\/wp-content\/uploads\/2017\/05\/shutterstock_159033404-e1495189550188.jpg?id=1165) !important;background-position: center !important;background-repeat: no-repeat !important;background-size: cover !important;}\u00a0\u00bb][vc_empty_space height=\u00a0\u00bb700px\u00a0\u00bb][\/vc_column][\/vc_row][vc_row full_width=\u00a0\u00bbstretch_row_content_no_spaces\u00a0\u00bb][vc_column width=\u00a0\u00bb1\/2&Prime; css=\u00a0\u00bb.vc_custom_1495190284445{background-image: url(http:\/\/www.comporta-signature.com\/wp-content\/uploads\/2016\/12\/shutterstock_639362908.jpg?id=1169) !important;background-position: center !important;background-repeat: no-repeat !important;background-size: cover !important;}\u00a0\u00bb][vc_empty_space height=\u00a0\u00bb400px\u00a0\u00bb][\/vc_column][vc_column width=\u00a0\u00bb1\/2&Prime; css=\u00a0\u00bb.vc_custom_1497022736755{background-image: url(http:\/\/www.comporta-signature.com\/wp-content\/uploads\/2016\/12\/Praia-do-Pinheirinho-14.jpg?id=1576) !important;background-position: center !important;background-repeat: no-repeat !important;background-size: cover !important;}\u00a0\u00bb][vc_empty_space height=\u00a0\u00bb400px\u00a0\u00bb][\/vc_column][\/vc_row][vc_row full_width=\u00a0\u00bbstretch_row_content_no_spaces\u00a0\u00bb content_placement=\u00a0\u00bbmiddle\u00a0\u00bb css=\u00a0\u00bb.vc_custom_1492697397401{margin-top: -45px !important;}\u00a0\u00bb][vc_column 0=\u00a0\u00bb\u00a0\u00bb css=\u00a0\u00bb.vc_custom_1495190362764{margin-right: 0px !important;margin-left: 0px !important;border-right-width: 0px !important;border-left-width: 0px !important;padding-right: 0px !important;padding-left: 0px !important;background-image: url(http:\/\/www.comporta-signature.com\/wp-content\/uploads\/2017\/05\/Comporta-Image.jpg?id=1130) !important;background-position: center !important;background-repeat: no-repeat !important;background-size: cover !important;}\u00a0\u00bb][vc_empty_space height=\u00a0\u00bb700px\u00a0\u00bb][\/vc_column][\/vc_row][vc_row full_width=\u00a0\u00bbstretch_row\u00a0\u00bb content_placement=\u00a0\u00bbmiddle\u00a0\u00bb css=\u00a0\u00bb.vc_custom_1496997424653{background-color: #9c8c56 !important;}\u00a0\u00bb][vc_column][vc_column_text]<img decoding=\"async\" class=\"aligncenter\" src=\"http:\/\/www.comporta-signature.com\/wp-content\/uploads\/2017\/06\/white.svg\" width=\"320\" height=\"auto\" \/>[\/vc_column_text][\/vc_column][\/vc_row][vc_row full_width=\u00a0\u00bbstretch_row_content\u00a0\u00bb css=\u00a0\u00bb.vc_custom_1558694233495{background-color: #9c8c56 !important;}\u00a0\u00bb][vc_column][vc_wp_custommenu nav_menu=\u00a0\u00bb21&Prime; el_id=\u00a0\u00bbmenuHorizontal\u00a0\u00bb][\/vc_column][\/vc_row]<\/p>","protected":false},"excerpt":{"rendered":"<p>[vc_row full_width=\u00a0\u00bbstretch_row_content\u00a0\u00bb css=\u00a0\u00bb.vc_custom_1495182894371{margin-right: 30px !important;margin-left: 30px !important;border-bottom-width: -40px !important;}\u00a0\u00bb][vc_column][vc_column_text] Comporta, l\u2019\u00e9chapp\u00e9e belle Hier Formentera ou Cap Ferret, aujourd\u2019hui -et demain- Comporta et ses 60 km de plage vierge Adoss\u00e9e \u00e0 &#8230;<\/p>\n","protected":false},"author":1,"featured_media":0,"parent":0,"menu_order":0,"comment_status":"closed","ping_status":"closed","template":"","meta":{"footnotes":""},"class_list":["post-153","page","type-page","status-publish","hentry"],"_links":{"self":[{"href":"https:\/\/www.comporta-signature.com\/fr\/wp-json\/wp\/v2\/pages\/153","targetHints":{"allow":["GET"]}}],"collection":[{"href":"https:\/\/www.comporta-signature.com\/fr\/wp-json\/wp\/v2\/pages"}],"about":[{"href":"https:\/\/www.comporta-signature.com\/fr\/wp-json\/wp\/v2\/types\/page"}],"author":[{"embeddable":true,"href":"https:\/\/www.comporta-signature.com\/fr\/wp-json\/wp\/v2\/users\/1"}],"replies":[{"embeddable":true,"href":"https:\/\/www.comporta-signature.com\/fr\/wp-json\/wp\/v2\/comments?post=153"}],"version-history":[{"count":209,"href":"https:\/\/www.comporta-signature.com\/fr\/wp-json\/wp\/v2\/pages\/153\/revisions"}],"predecessor-version":[{"id":2081,"href":"https:\/\/www.comporta-signature.com\/fr\/wp-json\/wp\/v2\/pages\/153\/revisions\/2081"}],"wp:attachment":[{"href":"https:\/\/www.comporta-signature.com\/fr\/wp-json\/wp\/v2\/media?parent=153"}],"curies":[{"name":"wp","href":"https:\/\/api.w.org\/{rel}","templated":true}]}}