{"id":10,"date":"2016-12-17T06:24:53","date_gmt":"2016-12-17T06:24:53","guid":{"rendered":"http:\/\/localhost\/COLAB\/Margo\/WordPress\/?page_id=10"},"modified":"2019-05-24T10:59:35","modified_gmt":"2019-05-24T10:59:35","slug":"artisans-immobilieres","status":"publish","type":"page","link":"https:\/\/www.comporta-signature.com\/fr\/artisans-immobilieres\/","title":{"rendered":"Artisans immobiliers Depuis 1980"},"content":{"rendered":"<p>[vc_row full_width=\u00a0\u00bbstretch_row_content\u00a0\u00bb content_placement=\u00a0\u00bbmiddle\u00a0\u00bb css=\u00a0\u00bb.vc_custom_1497001760132{margin-right: 30px !important;margin-left: 30px !important;border-bottom-width: -40px !important;}\u00a0\u00bb][vc_column][vc_column_text]<\/p>\n<p style=\"text-align: center;\"><span style=\"font-family: 'La Belle Aurore', cursive; font-size: 50px; margin-top: 30px; color: #9c8c56;\">Artisans Immobiliers <\/span><\/p>\n<p style=\"padding-bottom: 30px; text-align: center;\"><span style=\"font-family: 'La Belle Aurore', cursive; font-size: 50px; text-align: center; color: #9c8c56;\">depuis 1980<\/span><\/p>\n<p style=\"text-align: center;\"><span style=\"font-family: 'La Belle Aurore', cursive; font-size: 30px; padding-left: 40px; margin-top: 30px; margin-bottom: 10px; color: #9c8c56; padding-right: 10px;\">Depuis plus de 30 ans nous cultivons la philosophie de l\u2019artisanat de luxe appliqu\u00e9 \u00e0 l\u2019immobilier. Chaque projet est trait\u00e9 comme une pi\u00e8ce unique, en \u00e9troite collaboration avec vous<\/span><\/p>\n<p>[\/vc_column_text][\/vc_column][\/vc_row][vc_row full_width=\u00a0\u00bbstretch_row_content\u00a0\u00bb content_placement=\u00a0\u00bbmiddle\u00a0\u00bb css=\u00a0\u00bb.vc_custom_1497001303627{border-bottom-width: 3px !important;background-color: #9c8c56 !important;border-bottom-color: #ffffff !important;border-bottom-style: solid !important;}\u00a0\u00bb][vc_column][vc_column_text]<\/p>\n<p style=\"font-family: 'Special Elite', cursive; padding-bottom: 30px; text-align: center;\"><span style=\"font-size: 38px; text-align: center; color: #fff; text-transform: uppercase;\">Raw-Chic<sup>\u00ae<\/sup> Concept:<\/span><\/p>\n<p style=\"text-align: center;\"><span style=\"font-size: 30px; margin-top: 30px; color: #fff;\">Ext\u00e9rieur<\/span><\/p>\n<p>[\/vc_column_text][\/vc_column][\/vc_row][vc_row full_width=\u00a0\u00bbstretch_row_content_no_spaces\u00a0\u00bb][vc_column css=\u00a0\u00bb.vc_custom_1497001325208{background-color: #5f5c31 !important;}\u00a0\u00bb][vc_column_text css=\u00a0\u00bb.vc_custom_1495203924193{padding-right: 30px !important;padding-left: 30px !important;}\u00a0\u00bb]<\/p>\n<p style=\"text-align: center;\"><span style=\"font-family: 'La Belle Aurore', cursive; text-align: center; font-size: 35px; line-height: 18px; text-transform: none; letter-spacing: 0.05em; color: #fff;\"> Cabana Chic<\/span><\/p>\n<p>[\/vc_column_text][vc_row_inner css=\u00a0\u00bb.vc_custom_1492754388989{background-color: #ffffff !important;}\u00a0\u00bb][vc_column_inner][vc_column_text css=\u00a0\u00bb.vc_custom_1497022853172{padding-right: 20px !important;padding-left: 20px !important;}\u00a0\u00bb]<\/p>\n<p style=\"text-align: center;\"><span style=\"font-family: 'La Belle Aurore', cursive; text-align: center; font-size: 25px; line-height: 18px; text-transform: none; letter-spacing: 0.05em; color: #9c8c56;\">Quintessence du rustique contemporain : double hauteur de fa\u00e7ade rideau, vastes<br \/>\nvolumes, luminosit\u00e9 maximum, chaleur du bois brut<\/span><\/p>\n<p>[\/vc_column_text][\/vc_column_inner][\/vc_row_inner][\/vc_column][\/vc_row][vc_row full_width=\u00a0\u00bbstretch_row\u00a0\u00bb content_placement=\u00a0\u00bbmiddle\u00a0\u00bb css=\u00a0\u00bb.vc_custom_1497000220104{border-bottom-width: 3px !important;background-image: url(http:\/\/www.comporta-signature.com\/wp-content\/uploads\/2017\/05\/CHIC-Piscina.jpg?id=1180) !important;background-position: center !important;background-repeat: no-repeat !important;background-size: cover !important;border-bottom-color: #ffffff !important;border-bottom-style: solid !important;}\u00a0\u00bb][vc_column][vc_empty_space height=\u00a0\u00bb700px\u00a0\u00bb][\/vc_column][\/vc_row][vc_row full_width=\u00a0\u00bbstretch_row\u00a0\u00bb content_placement=\u00a0\u00bbmiddle\u00a0\u00bb css=\u00a0\u00bb.vc_custom_1497000235658{border-bottom-width: 3px !important;background-image: url(http:\/\/www.comporta-signature.com\/wp-content\/uploads\/2017\/05\/CABANA-CHIC-INT\u00c9RIEUR.jpg?id=1179) !important;background-position: center !important;background-repeat: no-repeat !important;background-size: cover !important;border-bottom-color: #ffffff !important;border-bottom-style: solid !important;}\u00a0\u00bb][vc_column][vc_empty_space height=\u00a0\u00bb700px\u00a0\u00bb][\/vc_column][\/vc_row][vc_row full_width=\u00a0\u00bbstretch_row_content_no_spaces\u00a0\u00bb][vc_column css=\u00a0\u00bb.vc_custom_1492755313418{background-color: #5f5c31 !important;}\u00a0\u00bb][vc_column_text css=\u00a0\u00bb.vc_custom_1495203913941{padding-right: 30px !important;padding-left: 30px !important;}\u00a0\u00bb]<\/p>\n<p style=\"text-align: center;\"><span style=\"font-family: 'La Belle Aurore', cursive; text-align: center; font-size: 35px; line-height: 18px; text-transform: none; letter-spacing: 0.05em; color: #fff;\"> Quinta Refresh<\/span><\/p>\n<p>[\/vc_column_text][vc_row_inner css=\u00a0\u00bb.vc_custom_1492754388989{background-color: #ffffff !important;}\u00a0\u00bb][vc_column_inner][vc_column_text css=\u00a0\u00bb.vc_custom_1497022864704{padding-right: 20px !important;padding-left: 20px !important;}\u00a0\u00bb]<\/p>\n<p style=\"text-align: center;\"><span style=\"font-family: 'La Belle Aurore', cursive; text-align: center; font-size: 25px; line-height: 18px; text-transform: none; letter-spacing: 0.05em; color: #9c8c56;\">La tr\u00e8s classique \u00ab Quinta \u00bb des gentlemen farmers de l\u2019Alentejo revisit\u00e9e dans<br \/>\nune optique discr\u00e8tement minimaliste<\/span><\/p>\n<p>[\/vc_column_text][\/vc_column_inner][\/vc_row_inner][\/vc_column][\/vc_row][vc_row full_width=\u00a0\u00bbstretch_row\u00a0\u00bb content_placement=\u00a0\u00bbmiddle\u00a0\u00bb css=\u00a0\u00bb.vc_custom_1497000261253{border-bottom-width: 3px !important;background-image: url(http:\/\/www.comporta-signature.com\/wp-content\/uploads\/2016\/12\/QUINTA-REFRESH-FA\u00c7ADE-e1493826183345.jpg?id=952) !important;background-position: center !important;background-repeat: no-repeat !important;background-size: cover !important;border-bottom-color: #ffffff !important;border-bottom-style: solid !important;}\u00a0\u00bb][vc_column][vc_empty_space height=\u00a0\u00bb700px\u00a0\u00bb][\/vc_column][\/vc_row][vc_row full_width=\u00a0\u00bbstretch_row\u00a0\u00bb content_placement=\u00a0\u00bbmiddle\u00a0\u00bb css=\u00a0\u00bb.vc_custom_1497000287179{border-bottom-width: 3px !important;background-image: url(http:\/\/www.comporta-signature.com\/wp-content\/uploads\/2017\/05\/QUINTA-REFRESH-INTERIEUR-LAT\u00c9RAL.jpg?id=1178) !important;background-position: center !important;background-repeat: no-repeat !important;background-size: cover !important;border-bottom-color: #ffffff !important;border-bottom-style: solid !important;}\u00a0\u00bb][vc_column][vc_empty_space height=\u00a0\u00bb700px\u00a0\u00bb][\/vc_column][\/vc_row][vc_row full_width=\u00a0\u00bbstretch_row_content_no_spaces\u00a0\u00bb][vc_column css=\u00a0\u00bb.vc_custom_1495203719720{background-color: #5f5c31 !important;}\u00a0\u00bb][vc_column_text css=\u00a0\u00bb.vc_custom_1495203903489{padding-right: 30px !important;padding-left: 30px !important;}\u00a0\u00bb]<\/p>\n<p style=\"text-align: center;\"><span style=\"font-family: 'La Belle Aurore', cursive; text-align: center; font-size: 35px; line-height: 18px; text-transform: none; letter-spacing: 0.05em; color: #fff;\">Roots<\/span><\/p>\n<p>[\/vc_column_text][vc_row_inner css=\u00a0\u00bb.vc_custom_1492754388989{background-color: #ffffff !important;}\u00a0\u00bb][vc_column_inner][vc_column_text css=\u00a0\u00bb.vc_custom_1497022874097{padding-right: 20px !important;padding-left: 20px !important;}\u00a0\u00bb]<\/p>\n<p style=\"text-align: center;\"><span style=\"font-family: 'La Belle Aurore', cursive; text-align: center; font-size: 25px; line-height: 18px; text-transform: none; letter-spacing: 0.05em; color: #9c8c56;\">L\u2019embl\u00e9matique maison rurale -chaume, bois, b\u00e9ton blanchi- des rizi\u00e8res transform\u00e9e pas nos architectes en une confortable maison \u00e0 vivre respectueuse de l\u2019adn local<\/span><\/p>\n<p>[\/vc_column_text][\/vc_column_inner][\/vc_row_inner][\/vc_column][\/vc_row][vc_row full_width=\u00a0\u00bbstretch_row\u00a0\u00bb content_placement=\u00a0\u00bbmiddle\u00a0\u00bb css=\u00a0\u00bb.vc_custom_1498715703237{border-bottom-width: 3px !important;background-image: url(http:\/\/www.comporta-signature.com\/wp-content\/uploads\/2016\/12\/ROOT1edited.jpg?id=1903) !important;background-position: center !important;background-repeat: no-repeat !important;background-size: cover !important;border-bottom-color: #ffffff !important;border-bottom-style: solid !important;}\u00a0\u00bb][vc_column][vc_empty_space height=\u00a0\u00bb700px\u00a0\u00bb][\/vc_column][\/vc_row][vc_row full_width=\u00a0\u00bbstretch_row\u00a0\u00bb content_placement=\u00a0\u00bbmiddle\u00a0\u00bb css=\u00a0\u00bb.vc_custom_1498715721788{border-bottom-width: 3px !important;background-image: url(http:\/\/www.comporta-signature.com\/wp-content\/uploads\/2016\/12\/Roots-interior2edited.jpg?id=1904) !important;background-position: center !important;background-repeat: no-repeat !important;background-size: cover !important;border-bottom-color: #ffffff !important;border-bottom-style: solid !important;}\u00a0\u00bb][vc_column][vc_empty_space height=\u00a0\u00bb700px\u00a0\u00bb][\/vc_column][\/vc_row][vc_row full_width=\u00a0\u00bbstretch_row_content_no_spaces\u00a0\u00bb][vc_column css=\u00a0\u00bb.vc_custom_1492755313418{background-color: #5f5c31 !important;}\u00a0\u00bb][vc_column_text css=\u00a0\u00bb.vc_custom_1495203892629{padding-right: 30px !important;padding-left: 30px !important;}\u00a0\u00bb]<\/p>\n<p style=\"text-align: center;\"><span style=\"font-family: 'La Belle Aurore', cursive; text-align: center; font-size: 35px; line-height: 18px; text-transform: none; letter-spacing: 0.05em; color: #fff;\"> Epur\u00e9e<\/span><\/p>\n<p>[\/vc_column_text][vc_row_inner css=\u00a0\u00bb.vc_custom_1495204049610{background-color: #ffffff !important;}\u00a0\u00bb][vc_column_inner][vc_column_text css=\u00a0\u00bb.vc_custom_1497022884489{padding-right: 20px !important;padding-left: 20px !important;}\u00a0\u00bb]<\/p>\n<p style=\"text-align: center;\"><span style=\"font-family: 'La Belle Aurore', cursive; text-align: center; font-size: 25px; line-height: 18px; text-transform: none; letter-spacing: 0.05em; color: #9c8c56;\">R\u00e9solument contemporaine et minimaliste inond\u00e9e de lumi\u00e8re et chaleureuse dedans -dehors, Epur\u00e9e laissera libre cours au plaisir tr\u00e8s personnel d\u2019y poser v\u00f4tre empreinte<br \/>\n<\/span><\/p>\n<p>[\/vc_column_text][\/vc_column_inner][\/vc_row_inner][\/vc_column][\/vc_row][vc_row full_width=\u00a0\u00bbstretch_row\u00a0\u00bb content_placement=\u00a0\u00bbmiddle\u00a0\u00bb css=\u00a0\u00bb.vc_custom_1499430425110{border-bottom-width: 3px !important;background-image: url(http:\/\/www.comporta-signature.com\/wp-content\/uploads\/2017\/07\/Fachada-00-edit.jpg?id=1914) !important;background-position: center !important;background-repeat: no-repeat !important;background-size: cover !important;border-bottom-color: #ffffff !important;border-bottom-style: solid !important;}\u00a0\u00bb][vc_column][vc_empty_space height=\u00a0\u00bb700px\u00a0\u00bb][\/vc_column][\/vc_row][vc_row full_width=\u00a0\u00bbstretch_row\u00a0\u00bb content_placement=\u00a0\u00bbmiddle\u00a0\u00bb css=\u00a0\u00bb.vc_custom_1499430456766{border-bottom-width: 3px !important;background-image: url(http:\/\/www.comporta-signature.com\/wp-content\/uploads\/2017\/07\/Interior-00-edit.jpg?id=1915) !important;background-position: center !important;background-repeat: no-repeat !important;background-size: cover !important;border-bottom-color: #ffffff !important;border-bottom-style: solid !important;}\u00a0\u00bb][vc_column][vc_empty_space height=\u00a0\u00bb700px\u00a0\u00bb][\/vc_column][\/vc_row][vc_row full_width=\u00a0\u00bbstretch_row_content\u00a0\u00bb css=\u00a0\u00bb.vc_custom_1497001383098{background-color: #9c8c56 !important;}\u00a0\u00bb][vc_column][vc_column_text]<\/p>\n<p style=\"font-family: 'Special Elite', cursive; padding-bottom: 30px; text-align: center;\"><span style=\"font-size: 38px; text-align: center; color: #fff; text-transform: uppercase;\">Raw-Chic<sup>\u00ae<\/sup> Concept:<\/span><\/p>\n<p style=\"text-align: center;\"><span style=\"font-size: 30px; margin-top: 30px; color: #fff;\">Int\u00e9rieur<\/span><\/p>\n<p>[\/vc_column_text][\/vc_column][\/vc_row][vc_row full_width=\u00a0\u00bbstretch_row_content\u00a0\u00bb content_placement=\u00a0\u00bbmiddle\u00a0\u00bb css=\u00a0\u00bb.vc_custom_1495202820248{background-position: center !important;background-repeat: no-repeat !important;background-size: cover !important;}\u00a0\u00bb][vc_column width=\u00a0\u00bb1\/2&Prime; css=\u00a0\u00bb.vc_custom_1496667886436{background-image: url(http:\/\/www.comporta-signature.com\/wp-content\/uploads\/2016\/12\/IMG_7004.jpg?id=1560) !important;background-position: center !important;background-repeat: no-repeat !important;background-size: cover !important;}\u00a0\u00bb][vc_empty_space height=\u00a0\u00bb700px\u00a0\u00bb][\/vc_column][vc_column width=\u00a0\u00bb1\/2&Prime;][vc_column_text css=\u00a0\u00bb.vc_custom_1497005354689{padding-right: 20px !important;padding-left: 20px !important;}\u00a0\u00bb]<\/p>\n<p style=\"text-align: left;\"><span style=\"font-family: 'La Belle Aurore', cursive; text-align: center; font-size: 25px; line-height: 18px; text-transform: none; letter-spacing: 0.05em; color: #414141;\">Notre architecte d\u2019int\u00e9rieur \u00e9tait impr\u00e9gn\u00e9e de la philosophie du Raw-chic bien<br \/>\navant que celle-ci ne devienne un style identifi\u00e9 hype.<br \/>\nLivia Cioara ma\u00eetrise pleinement les codes et les imp\u00e9ratifs de ce parti-pris: priorit\u00e9 aux mat\u00e9riaux, aux textures, aux ambiances brutes sophistiqu\u00e9es et bien-s\u00fbr a la lumi\u00e8re.<br \/>\nSes cr\u00e9ations \u00ab cl\u00e9s en main jusqu\u2019aux petites cuill\u00e8res \u00bb viennent se fondre dans les lignes vernaculaires revisit\u00e9es de nos architectes.<br \/>\n<\/span><\/p>\n<p>[\/vc_column_text][\/vc_column][\/vc_row][vc_row full_width=\u00a0\u00bbstretch_row_content\u00a0\u00bb content_placement=\u00a0\u00bbmiddle\u00a0\u00bb css=\u00a0\u00bb.vc_custom_1495202820248{background-position: center !important;background-repeat: no-repeat !important;background-size: cover !important;}\u00a0\u00bb][vc_column width=\u00a0\u00bb1\/2&Prime;][vc_column_text css=\u00a0\u00bb.vc_custom_1495204133967{padding-right: 20px !important;padding-left: 20px !important;}\u00a0\u00bb]<\/p>\n<p style=\"text-align: left;\"><span style=\"font-family: 'La Belle Aurore', cursive; text-align: center; font-size: 25px; line-height: 18px; text-transform: none; letter-spacing: 0.05em; color: #414141;\">Bas\u00e9e entre Marbella et Comporta, elle s\u2019inspire de l\u2019opulence de la premi\u00e8re et de<br \/>\nl\u2019authenticit\u00e9 rigoureuse de la seconde pour cr\u00e9er des demeures \u00e0 vivre uniques.<br \/>\nCe pack int\u00e9riorisme propos\u00e9 par Comporta Signature Ltda est contractuel, apr\u00e8s agr\u00e9ment du cahier des charges et de l\u2019avant-projet.<br \/>\n<\/span><\/p>\n<p>[\/vc_column_text][\/vc_column][vc_column width=\u00a0\u00bb1\/2&Prime; css=\u00a0\u00bb.vc_custom_1495553580826{background-image: url(http:\/\/www.comporta-signature.com\/wp-content\/uploads\/2016\/12\/detail-chambre-africa.jpg?id=1209) !important;background-position: center !important;background-repeat: no-repeat !important;background-size: cover !important;}\u00a0\u00bb][vc_empty_space height=\u00a0\u00bb700px\u00a0\u00bb][\/vc_column][\/vc_row][vc_row full_width=\u00a0\u00bbstretch_row_content\u00a0\u00bb content_placement=\u00a0\u00bbmiddle\u00a0\u00bb css=\u00a0\u00bb.vc_custom_1495202820248{background-position: center !important;background-repeat: no-repeat !important;background-size: cover !important;}\u00a0\u00bb][vc_column width=\u00a0\u00bb1\/2&Prime; css=\u00a0\u00bb.vc_custom_1496667953650{background-image: url(http:\/\/www.comporta-signature.com\/wp-content\/uploads\/2016\/12\/detail-sdb-africa.jpg?id=1210) !important;background-position: center !important;background-repeat: no-repeat !important;background-size: cover !important;}\u00a0\u00bb][vc_empty_space height=\u00a0\u00bb700px\u00a0\u00bb][\/vc_column][vc_column width=\u00a0\u00bb1\/2&Prime; css=\u00a0\u00bb.vc_custom_1496828100891{background-image: url(http:\/\/www.comporta-signature.com\/wp-content\/uploads\/2016\/12\/IMG_5693.jpg?id=1646) !important;background-position: center !important;background-repeat: no-repeat !important;background-size: cover !important;}\u00a0\u00bb][vc_empty_space height=\u00a0\u00bb700px\u00a0\u00bb][\/vc_column][\/vc_row][vc_row full_width=\u00a0\u00bbstretch_row_content\u00a0\u00bb content_placement=\u00a0\u00bbmiddle\u00a0\u00bb css=\u00a0\u00bb.vc_custom_1495202820248{background-position: center !important;background-repeat: no-repeat !important;background-size: cover !important;}\u00a0\u00bb][vc_column css=\u00a0\u00bb.vc_custom_1497023289382{background-image: url(http:\/\/www.comporta-signature.com\/wp-content\/uploads\/2016\/12\/kakifish.jpg?id=1779) !important;background-position: center !important;background-repeat: no-repeat !important;background-size: cover !important;}\u00a0\u00bb][vc_empty_space height=\u00a0\u00bb700px\u00a0\u00bb][vc_column_text]<\/p>\n<h5 style=\"color: #ffffff; font-size: 14px; text-align: center;\">LzF KOI by Inocuo The Sign<\/h5>\n<p>[\/vc_column_text][\/vc_column][\/vc_row][vc_row full_width=\u00a0\u00bbstretch_row_content\u00a0\u00bb content_placement=\u00a0\u00bbmiddle\u00a0\u00bb css=\u00a0\u00bb.vc_custom_1495202820248{background-position: center !important;background-repeat: no-repeat !important;background-size: cover !important;}\u00a0\u00bb][vc_column width=\u00a0\u00bb1\/2&Prime; css=\u00a0\u00bb.vc_custom_1495794507867{background-image: url(http:\/\/www.comporta-signature.com\/wp-content\/uploads\/2016\/12\/8468390906_0c4e36c6fa_o.jpg?id=1374) !important;background-position: center !important;background-repeat: no-repeat !important;background-size: cover !important;}\u00a0\u00bb][vc_empty_space height=\u00a0\u00bb700px\u00a0\u00bb][\/vc_column][vc_column width=\u00a0\u00bb1\/2&Prime; css=\u00a0\u00bb.vc_custom_1495794564956{background-image: url(http:\/\/www.comporta-signature.com\/wp-content\/uploads\/2016\/12\/raw-chic-dining.jpg?id=1375) !important;background-position: center !important;background-repeat: no-repeat !important;background-size: cover !important;}\u00a0\u00bb][vc_empty_space height=\u00a0\u00bb700px\u00a0\u00bb][\/vc_column][\/vc_row][vc_row full_width=\u00a0\u00bbstretch_row_content\u00a0\u00bb content_placement=\u00a0\u00bbmiddle\u00a0\u00bb css=\u00a0\u00bb.vc_custom_1495202820248{background-position: center !important;background-repeat: no-repeat !important;background-size: cover !important;}\u00a0\u00bb][vc_column width=\u00a0\u00bb1\/2&Prime; css=\u00a0\u00bb.vc_custom_1496136602009{background-image: url(http:\/\/www.comporta-signature.com\/wp-content\/uploads\/2016\/12\/chaise-hamac-chaises-en-bois-ondulantes-design-unique.jpg?id=1430) !important;background-position: center !important;background-repeat: no-repeat !important;background-size: cover !important;}\u00a0\u00bb][vc_empty_space height=\u00a0\u00bb400px\u00a0\u00bb][\/vc_column][vc_column width=\u00a0\u00bb1\/2&Prime; css=\u00a0\u00bb.vc_custom_1496136760247{background-image: url(http:\/\/www.comporta-signature.com\/wp-content\/uploads\/2016\/12\/prodotti-126666-relf1bf0317af644d358c70b21e6b11178f.jpg?id=1429) !important;background-position: center !important;background-repeat: no-repeat !important;background-size: cover !important;}\u00a0\u00bb][vc_empty_space height=\u00a0\u00bb400px\u00a0\u00bb][\/vc_column][\/vc_row][vc_row full_width=\u00a0\u00bbstretch_row\u00a0\u00bb content_placement=\u00a0\u00bbmiddle\u00a0\u00bb css=\u00a0\u00bb.vc_custom_1496997424653{background-color: #9c8c56 !important;}\u00a0\u00bb][vc_column][vc_column_text]<img decoding=\"async\" class=\"aligncenter\" src=\"http:\/\/www.comporta-signature.com\/wp-content\/uploads\/2017\/06\/white.svg\" width=\"320\" height=\"auto\" \/>[\/vc_column_text][\/vc_column][\/vc_row][vc_row full_width=\u00a0\u00bbstretch_row_content\u00a0\u00bb css=\u00a0\u00bb.vc_custom_1558694233495{background-color: #9c8c56 !important;}\u00a0\u00bb][vc_column][vc_wp_custommenu nav_menu=\u00a0\u00bb21&Prime; el_id=\u00a0\u00bbmenuHorizontal\u00a0\u00bb][\/vc_column][\/vc_row]<\/p>","protected":false},"excerpt":{"rendered":"<p>[vc_row full_width=\u00a0\u00bbstretch_row_content\u00a0\u00bb content_placement=\u00a0\u00bbmiddle\u00a0\u00bb css=\u00a0\u00bb.vc_custom_1497001760132{margin-right: 30px !important;margin-left: 30px !important;border-bottom-width: -40px !important;}\u00a0\u00bb][vc_column][vc_column_text] Artisans Immobiliers depuis 1980 Depuis plus de 30 ans nous cultivons la philosophie de l\u2019artisanat de luxe appliqu\u00e9 \u00e0 l\u2019immobilier. &#8230;<\/p>\n","protected":false},"author":1,"featured_media":0,"parent":0,"menu_order":0,"comment_status":"closed","ping_status":"closed","template":"","meta":{"footnotes":""},"class_list":["post-10","page","type-page","status-publish","hentry"],"_links":{"self":[{"href":"https:\/\/www.comporta-signature.com\/fr\/wp-json\/wp\/v2\/pages\/10","targetHints":{"allow":["GET"]}}],"collection":[{"href":"https:\/\/www.comporta-signature.com\/fr\/wp-json\/wp\/v2\/pages"}],"about":[{"href":"https:\/\/www.comporta-signature.com\/fr\/wp-json\/wp\/v2\/types\/page"}],"author":[{"embeddable":true,"href":"https:\/\/www.comporta-signature.com\/fr\/wp-json\/wp\/v2\/users\/1"}],"replies":[{"embeddable":true,"href":"https:\/\/www.comporta-signature.com\/fr\/wp-json\/wp\/v2\/comments?post=10"}],"version-history":[{"count":258,"href":"https:\/\/www.comporta-signature.com\/fr\/wp-json\/wp\/v2\/pages\/10\/revisions"}],"predecessor-version":[{"id":2073,"href":"https:\/\/www.comporta-signature.com\/fr\/wp-json\/wp\/v2\/pages\/10\/revisions\/2073"}],"wp:attachment":[{"href":"https:\/\/www.comporta-signature.com\/fr\/wp-json\/wp\/v2\/media?parent=10"}],"curies":[{"name":"wp","href":"https:\/\/api.w.org\/{rel}","templated":true}]}}