{"id":976,"date":"2017-05-03T16:02:10","date_gmt":"2017-05-03T16:02:10","guid":{"rendered":"http:\/\/www.comporta-signature.com\/?page_id=976"},"modified":"2019-05-24T11:22:39","modified_gmt":"2019-05-24T11:22:39","slug":"news","status":"publish","type":"page","link":"https:\/\/www.comporta-signature.com\/es\/news\/","title":{"rendered":"Inversiones"},"content":{"rendered":"<p>[vc_row full_width=\u00bbstretch_row_content\u00bb css=\u00bb.vc_custom_1495182894371{margin-right: 30px !important;margin-left: 30px !important;border-bottom-width: -40px !important;}\u00bb][vc_column][vc_column_text]<\/p>\n<p style=\"text-align: center;\"><span style=\"font-family: 'La Belle Aurore', cursive; font-size: 50px; margin-top: 30px; color: #9c8c56;\"> Inversiones <\/span><\/p>\n<h1 style=\"font-family: 'Cormorant Garamond', serif; color: #9c8c56; text-align: center; font-size: 34px; padding-left: 30px; padding-right: 40px;\">Inversiones en Comporta<\/h1>\n<p>[\/vc_column_text][\/vc_column][\/vc_row][vc_row full_width=\u00bbstretch_row\u00bb content_placement=\u00bbmiddle\u00bb disable_element=\u00bbyes\u00bb css=\u00bb.vc_custom_1496645825265{background-color: #5f5c31 !important;}\u00bb][vc_column][vc_column_text css=\u00bb.vc_custom_1495804577770{padding-right: 30px !important;padding-left: 30px !important;}\u00bb]<\/p>\n<p style=\"text-align: center;\"><span style=\"font-family: 'La Belle Aurore', cursive; text-align: center; font-size: 30px; line-height: 18px; color: #fff;\">Partenaires<\/span><\/p>\n<p style=\"text-align: center;\"><span style=\"font-family: 'La Belle Aurore', cursive; text-align: center; font-size: 22px; line-height: 18px; color: #fff;\">En sus du solide Dream Team pr\u00e9sent\u00e9 plus haut, Comporta Signature a \u00e9tabli des <span style=\"font-family: 'Cormorant Garamond', serif; text-align: center; font-size: 19px; line-height: 18px; color: #fff;\"><em>PARTENARIATS D\u2019AFFINIT\u00c9S<\/em><\/span> avec des acteurs de n\u00f4tre secteur remarquables par leur <span style=\"font-family: 'Cormorant Garamond', serif; text-align: center; font-size: 19px; line-height: 18px; color: #fff;\"><em>COMPORTATTITUDE<\/em><\/span> et leur perfectionnisme.<\/span><\/p>\n<p>[\/vc_column_text][\/vc_column][\/vc_row][vc_row full_width=\u00bbstretch_row_content\u00bb content_placement=\u00bbmiddle\u00bb parallax=\u00bbcontent-moving\u00bb disable_element=\u00bbyes\u00bb css=\u00bb.vc_custom_1496645833774{background-position: center;background-repeat: no-repeat;background-size:cover !important;}\u00bb][vc_column width=\u00bb1\/2&#8243;][vc_empty_space height=\u00bb150px\u00bb][\/vc_column][vc_column width=\u00bb1\/2&#8243; css=\u00bb.vc_custom_1495812531701{background-color: #ecd066 !important;}\u00bb][vc_column_text css=\u00bb.vc_custom_1495804988741{padding-right: 30px !important;padding-left: 30px !important;}\u00bb]<\/p>\n<p style=\"text-align: center;\"><span style=\"font-family: 'La Belle Aurore', cursive; text-align: center; font-size: 22px; line-height: 18px; color: #414141;\">Est-il encore besoin de pr\u00e9senter les superbes cr\u00e9ations raw-chic fashion de Gabriella\u2026\u2026.? Et qui aurait pu mieux qu\u2019 Antik Batik habiller nos int\u00e9rieurs \u00e0 Comporta? Vous y retrouverez donc la ligne \u00ab Maison \u00bb r\u00e9cemment cr\u00e9\u00e9e autour du c\u00e9l\u00e8bre style de la marque.<\/span><\/p>\n<p>[\/vc_column_text][\/vc_column][\/vc_row][vc_row full_width=\u00bbstretch_row_content_no_spaces\u00bb content_placement=\u00bbmiddle\u00bb parallax=\u00bbcontent-moving\u00bb disable_element=\u00bbyes\u00bb css=\u00bb.vc_custom_1496645841371{background-position: center;background-repeat: no-repeat;background-size:cover !important;}\u00bb][vc_column width=\u00bb1\/2&#8243; css=\u00bb.vc_custom_1495811803178{padding-left: 30px !important;background-color: #5f5c31 !important;}\u00bb][vc_empty_space height=\u00bb25px\u00bb][vc_column_text css=\u00bb.vc_custom_1495812294159{padding-right: 60px !important;padding-left: 30px !important;}\u00bb]<\/p>\n<p style=\"text-align: center;\"><span style=\"font-family: 'La Belle Aurore', cursive; text-align: center; font-size: 22px; line-height: 18px; color: #fff;\">Comporta est depuis 4 g\u00e9n\u00e9rations le fief de la famille Espirito Santo, premier patrimoine du Portugal. La \u00ab quinta \u00bb familiale de Comporta n\u2019y occupe pas moins de 15.000 ha sur 30 km de c\u00f4te\u2026<br \/>\nPatricia Brito e Cunha est l\u2019une des figures plus proactives du consortium. Dans la plus pure ligne <span style=\"font-family: 'Cormorant Garamond', serif; text-align: center; font-size: 19px; line-height: 18px; color: #fff;\"><strong>COMPORTADDICT<\/strong><\/span> elle a cr\u00e9\u00e9 <span style=\"font-family: 'Cormorant Garamond', serif; text-align: center; font-size: 19px; line-height: 18px; color: #fff;\"><strong>CUSH CUSH SPIRIT COMPORTA<\/strong><\/span>, un tr\u00e8s bel artisanat \u00e9co-chic enti\u00e8rement d\u00e9di\u00e9 aux coussins et si\u00e8ges.<\/span><\/p>\n<p>[\/vc_column_text][vc_empty_space height=\u00bb25px\u00bb][\/vc_column][vc_column width=\u00bb1\/2&#8243; css=\u00bb.vc_custom_1495811812172{padding-right: 30px !important;}\u00bb][vc_single_image image=\u00bb1408&#8243; img_size=\u00bb333&#215;250&#8243; alignment=\u00bbcenter\u00bb][\/vc_column][\/vc_row][vc_row full_width=\u00bbstretch_row_content\u00bb content_placement=\u00bbmiddle\u00bb parallax=\u00bbcontent-moving\u00bb disable_element=\u00bbyes\u00bb css=\u00bb.vc_custom_1496645852864{background-position: center;background-repeat: no-repeat;background-size:cover !important;}\u00bb][vc_column width=\u00bb1\/2&#8243;][vc_empty_space height=\u00bb150px\u00bb][\/vc_column][vc_column width=\u00bb1\/2&#8243; css=\u00bb.vc_custom_1495812447826{background-color: #ecd066 !important;}\u00bb][vc_column_text css=\u00bb.vc_custom_1495812503136{padding-right: 30px !important;padding-left: 30px !important;}\u00bb]<\/p>\n<p style=\"text-align: center;\"><span style=\"font-family: 'La Belle Aurore', cursive; text-align: center; font-size: 22px; line-height: 18px; color: #414141;\">Ce groupe familial finlandais n\u2019est rien moins que le premier constructeur mondial de maisons modulaires \u00e0 structure bois de tr\u00e8s haute qualit\u00e9. Adoss\u00e9es \u00e0 une exp\u00e9rience plus que centenaire leurs spectaculaires cr\u00e9ations offrent un large \u00e9ventail de lignes contemporaines d\u2019un niveau technique et d\u2019une solidit\u00e9 impressionnants. Comporta et sa tradition \u00ab bois \u00bb sont \u00e9videmment un lieu de pr\u00e9dilection pour le savoir-faire de la <span style=\"font-family: 'Cormorant Garamond', serif; text-align: center; font-size: 19px; line-height: 18px; color: #414141;\"><strong>POLARLIFEHAUS<\/strong><\/span> dont nous sommes fiers de piloter l\u2019introduction au Portugal .<\/span><\/p>\n<p>[\/vc_column_text][\/vc_column][\/vc_row][vc_row full_width=\u00bbstretch_row_content_no_spaces\u00bb content_placement=\u00bbmiddle\u00bb parallax=\u00bbcontent-moving\u00bb css=\u00bb.vc_custom_1495811796359{background-position: center;background-repeat: no-repeat;background-size:cover;}\u00bb][vc_column css=\u00bb.vc_custom_1495811803178{padding-left: 30px !important;background-color: #5f5c31 !important;}\u00bb][vc_column_text css=\u00bb.vc_custom_1499771480859{padding-right: 30px !important;padding-left: 30px !important;}\u00bb]<\/p>\n<p style=\"text-align: center;\"><span style=\"font-family: 'La Belle Aurore', cursive; text-align: center; font-size: 35px; line-height: 18px; color: #fff;\"> Inversiones en Comporta <\/span><\/p>\n<p style=\"text-align: center;\"><span style=\"font-family: 'Playfair Display'; text-align: center; font-size: 16px; line-height: 18px; color: #fff; text-transform: uppercase;\">LAND BANKING la nueva manera de invertir a riesgo cero<\/span><\/p>\n<p>[\/vc_column_text][\/vc_column][\/vc_row][vc_row full_width=\u00bbstretch_row\u00bb content_placement=\u00bbmiddle\u00bb parallax=\u00bbcontent-moving\u00bb css=\u00bb.vc_custom_1496646466068{background-image: url(http:\/\/www.comporta-signature.com\/wp-content\/uploads\/2016\/12\/carousel1.jpg?id=921) !important;background-position: center;background-repeat: no-repeat;background-size:cover !important;}\u00bb][vc_column][vc_empty_space height=\u00bb300px\u00bb][\/vc_column][\/vc_row][vc_row full_width=\u00bbstretch_row_content_no_spaces\u00bb content_placement=\u00bbmiddle\u00bb parallax=\u00bbcontent-moving\u00bb css=\u00bb.vc_custom_1495811796359{background-position: center;background-repeat: no-repeat;background-size:cover;}\u00bb][vc_column css=\u00bb.vc_custom_1495811803178{padding-left: 30px !important;background-color: #5f5c31 !important;}\u00bb][vc_empty_space height=\u00bb10px\u00bb][vc_column_text css=\u00bb.vc_custom_1500334791210{padding-right: 60px !important;padding-left: 30px !important;}\u00bb]<\/p>\n<p style=\"text-align: center;\"><span style=\"font-family: Cantarell, sans-serif; text-align: center; line-height: 18px; text-transform: uppercase; letter-spacing: 0.05em; color: #fff; font-size: 11px;\"> Bolsas caprichosas, monedas virtuales, bancos debilitados : el concepto de inversi\u00f3n segura ha sido barrido por los \u00faltimos sobresaltos de las econom\u00edas mundiales, creando incertidumbre y desconfianza. En este contexto agitado apareci\u00f3, como certeza, el concepto de land banking, simplemente traducible como la pura inversi\u00f3n en suelo concebida como \u201ccaja fuerte rentista\u201d. Tradicionalmente identificado como inversi\u00f3n a riesgo cero y renta baja con proyecci\u00f3n a largo plazo, el land banking de hoy revoluciona la imagen obsoleta del concepto de \u201csuelo durmiente\u201d. Dentro de este esp\u00edritu innovador, Comporta Signature propone a inversores de suelo, atractivas f\u00f3rmulas de optimizaci\u00f3n agresiva, via p\u00e9rmutas o aportaciones, otorgando una revalorizaci\u00f3n r\u00e1pida de la inversi\u00f3n, manteniendo el riesgo cero. Donde antes se estructuraban inversiones de suelo a 15 o 20 a\u00f1os, hoy conseguimos cerrar ciclos de 3 a 5 a\u00f1os como m\u00e1ximo, con tasas de rentabilidad anual del 6 a 12% seg\u00fan esquema.<br \/>\nLa fuerte demanda de producto final construido, nos obliga a acelerar nuestra expansi\u00f3n y para ello a invitar a inversores \u201csleeping partners\u201d a participar en dicho proceso, dentro de un esquema de total fiabilidad, control, y garant\u00eda. Estaremos encantados de exponeros en detalle las virtudes de estas f\u00f3rmulas de gran simplicidad y claridad.<\/span><\/p>\n<p>[\/vc_column_text][\/vc_column][\/vc_row][vc_row full_width=\u00bbstretch_row\u00bb content_placement=\u00bbmiddle\u00bb css=\u00bb.vc_custom_1496997424653{background-color: #9c8c56 !important;}\u00bb][vc_column][vc_column_text]<img decoding=\"async\" class=\"aligncenter\" src=\"http:\/\/www.comporta-signature.com\/wp-content\/uploads\/2017\/06\/white.svg\" width=\"320\" height=\"auto\" \/>[\/vc_column_text][\/vc_column][\/vc_row][vc_row full_width=\u00bbstretch_row_content\u00bb css=\u00bb.vc_custom_1558694233495{background-color: #9c8c56 !important;}\u00bb][vc_column][vc_wp_custommenu nav_menu=\u00bb21&#8243; el_id=\u00bbmenuHorizontal\u00bb][\/vc_column][\/vc_row]<\/p>","protected":false},"excerpt":{"rendered":"<p>[vc_row full_width=\u00bbstretch_row_content\u00bb css=\u00bb.vc_custom_1495182894371{margin-right: 30px !important;margin-left: 30px !important;border-bottom-width: -40px !important;}\u00bb][vc_column][vc_column_text] Inversiones Inversiones en Comporta [\/vc_column_text][\/vc_column][\/vc_row][vc_row full_width=\u00bbstretch_row\u00bb content_placement=\u00bbmiddle\u00bb disable_element=\u00bbyes\u00bb css=\u00bb.vc_custom_1496645825265{background-color: #5f5c31 !important;}\u00bb][vc_column][vc_column_text css=\u00bb.vc_custom_1495804577770{padding-right: 30px !important;padding-left: 30px !important;}\u00bb] Partenaires En sus du solide &#8230;<\/p>\n","protected":false},"author":1,"featured_media":0,"parent":0,"menu_order":0,"comment_status":"closed","ping_status":"closed","template":"","meta":{"footnotes":""},"class_list":["post-976","page","type-page","status-publish","hentry"],"_links":{"self":[{"href":"https:\/\/www.comporta-signature.com\/es\/wp-json\/wp\/v2\/pages\/976","targetHints":{"allow":["GET"]}}],"collection":[{"href":"https:\/\/www.comporta-signature.com\/es\/wp-json\/wp\/v2\/pages"}],"about":[{"href":"https:\/\/www.comporta-signature.com\/es\/wp-json\/wp\/v2\/types\/page"}],"author":[{"embeddable":true,"href":"https:\/\/www.comporta-signature.com\/es\/wp-json\/wp\/v2\/users\/1"}],"replies":[{"embeddable":true,"href":"https:\/\/www.comporta-signature.com\/es\/wp-json\/wp\/v2\/comments?post=976"}],"version-history":[{"count":150,"href":"https:\/\/www.comporta-signature.com\/es\/wp-json\/wp\/v2\/pages\/976\/revisions"}],"predecessor-version":[{"id":2077,"href":"https:\/\/www.comporta-signature.com\/es\/wp-json\/wp\/v2\/pages\/976\/revisions\/2077"}],"wp:attachment":[{"href":"https:\/\/www.comporta-signature.com\/es\/wp-json\/wp\/v2\/media?parent=976"}],"curies":[{"name":"wp","href":"https:\/\/api.w.org\/{rel}","templated":true}]}}