{"id":8,"date":"2016-12-17T06:24:41","date_gmt":"2016-12-17T06:24:41","guid":{"rendered":"http:\/\/localhost\/COLAB\/Margo\/WordPress\/?page_id=8"},"modified":"2019-05-24T11:20:11","modified_gmt":"2019-05-24T11:20:11","slug":"contacts","status":"publish","type":"page","link":"https:\/\/www.comporta-signature.com\/es\/contacts\/","title":{"rendered":"Contact"},"content":{"rendered":"<p>[vc_row full_width=\u00bbstretch_row_content\u00bb css=\u00bb.vc_custom_1495182894371{margin-right: 30px !important;margin-left: 30px !important;border-bottom-width: -40px !important;}\u00bb][vc_column][vc_column_text]<\/p>\n<p style=\"text-align: center;\"><span style=\"font-family: 'La Belle Aurore', cursive; font-size: 50px; margin-top: 30px; color: #5f5d2e;\">Contact<\/span><\/p>\n<h1 style=\"font-family: 'La Belle Aurore', cursive; color: #9c8c56; text-align: center; font-size: 30px; padding-left: 40px; padding-right: 40px;\">Comporta Signature: tu c\u00f3mplice de escapadas<\/h1>\n<p>[\/vc_column_text][vc_empty_space height=\u00bb80px\u00bb][\/vc_column][\/vc_row][vc_row full_width=\u00bbstretch_row_content_no_spaces\u00bb content_placement=\u00bbtop\u00bb css=\u00bb.vc_custom_1558105598444{margin-top: -80px !important;border-bottom-width: 2px !important;background-color: #5f5d2e !important;background-position: center !important;background-repeat: no-repeat !important;background-size: contain !important;border-bottom-style: solid !important;}\u00bb][vc_column width=\u00bb2\/3&#8243; css=\u00bb.vc_custom_1495192531741{background-image: url(http:\/\/www.comporta-signature.com\/wp-content\/uploads\/2016\/12\/mapa.jpg?id=1184) !important;background-position: center !important;background-repeat: no-repeat !important;background-size: contain !important;}\u00bb][vc_empty_space height=\u00bb660px\u00bb][\/vc_column][vc_column width=\u00bb1\/3&#8243; css=\u00bb.vc_custom_1496138055667{background-color: #5f5d2e !important;}\u00bb][vc_empty_space][vc_column_text]<\/p>\n<p style=\"text-align: center;\"><span style=\"font-size: 25px;\"><strong><span style=\"font-family: 'La Belle Aurore', cursive; text-align: center; line-height: 18px; letter-spacing: 0.05em; color: #fff;\"> Promoci\u00f3n y Gesti\u00f3n <\/span><\/strong><\/span><\/p>\n<p style=\"text-align: center;\"><span style=\"font-size: 14px;\"><a href=\"mailto:bernie@comporta-signature.com\"><strong><span style=\"font-family: Cantarell, sans-serif; text-align: center; line-height: 18px; text-transform: uppercase; letter-spacing: 0.05em; color: #9c8c56;\">bernie@comporta-signature.com<\/span><\/strong><\/a><\/span><\/p>\n<p>[\/vc_column_text][vc_empty_space][vc_column_text]<\/p>\n<p style=\"text-align: center;\"><span style=\"font-size: 25px;\"><strong><span style=\"font-family: 'La Belle Aurore', cursive; text-align: center; line-height: 18px; letter-spacing: 0.05em; color: #fff;\">Dise\u00f1o de Interiores <\/span><\/strong><\/span><\/p>\n<p style=\"text-align: center;\"><span style=\"font-size: 14px;\"><a href=\"mailto:livia@comporta-signature.com\"><strong><span style=\"font-family: Cantarell, sans-serif; text-align: center; line-height: 18px; text-transform: uppercase; letter-spacing: 0.05em; color: #9c8c56;\">livia@comporta-signature.com<\/span><\/strong><\/a><\/span><\/p>\n<p>[\/vc_column_text][vc_empty_space height=\u00bb45px\u00bb][\/vc_column][\/vc_row][vc_row full_width=\u00bbstretch_row_content_no_spaces\u00bb equal_height=\u00bbyes\u00bb content_placement=\u00bbmiddle\u00bb css=\u00bb.vc_custom_1496745259373{border-bottom-width: 3px !important;background-position: center !important;background-repeat: no-repeat !important;background-size: cover !important;border-bottom-color: #ffffff !important;border-bottom-style: solid !important;}\u00bb][vc_column width=\u00bb1\/2&#8243; css=\u00bb.vc_custom_1496660859241{background-image: url(http:\/\/www.comporta-signature.com\/wp-content\/uploads\/2017\/06\/couple-morgan.jpg?id=1511) !important;background-position: center !important;background-repeat: no-repeat !important;background-size: cover !important;}\u00bb][vc_empty_space height=\u00bb523px\u00bb][\/vc_column][vc_column width=\u00bb1\/2&#8243; css=\u00bb.vc_custom_1497005084232{background-color: #9c8c56 !important;}\u00bb][vc_column_text css=\u00bb.vc_custom_1499772194816{padding-top: 30px !important;padding-right: 30px !important;padding-left: 30px !important;}\u00bb]<\/p>\n<p style=\"text-align: left;\"><span style=\"font-family: 'La Belle Aurore', cursive; text-align: center; font-size: 22px; line-height: 18px; letter-spacing: 0.05em; color: #fff;\"><strong>Tu c\u00f3mplice de escapadas<\/strong><\/span><\/p>\n<p style=\"text-align: left;\"><span style=\"font-family: 'Cantarell', sans-serif; text-align: center; font-size: 11px; line-height: 18px; text-transform: uppercase; letter-spacing: 0.05em; color: #fff;\"> Despu\u00e9s de realizar proyectos en Marbella, Marrakesh y Bah\u00eda, nos enamoramos\u00a0instant\u00e1neamente de este lugar m\u00e1gico, con el que sentimos una gran conexi\u00f3n.Nos enorgullece sentirnos \u201ccomportadictos\u201d y cultivar la \u201ccomportactitud\u201d que entendereis en seguida cuando vengais a visitarnos.<br \/>\nPara ello coordinaremos todos los detalles de vuestro viaje-descubrimiento. Desde el vuelo y la recogida, hasta ense\u00f1aros el entorno, y por supuesto, mostraros nuestra selecci\u00f3n de terrenos y fincas edificables, y el detalle de los dise\u00f1os de nuestros proyectos, que pueden ser adaptados y moldeados a vuestras necesidades. Para concretar vuestra inversi\u00f3n, os ofrecemos un proceso de finalizaci\u00f3n que contiene todo, desde la selecci\u00f3n de la ubicaci\u00f3n del proyecto, al dise\u00f1o de la piscina y del paisajismo, hasta la maravillosa ropa de casa de Antik Batik en los dormitorios. Cada ingreso y dep\u00f3sito se har\u00e1 en una cuenta custodia, con liberaci\u00f3n de los importes, en base a la paulatina certificaci\u00f3n de los trabajos realizados. Cada liberaci\u00f3n de fondos corresponder\u00e1 a una entrega parcial o total, seg\u00fan el calendario de ejecuci\u00f3n.<\/span><\/p>\n<p style=\"text-align: left;\"><span style=\"font-family: 'Cantarell', sans-serif; text-align: center; font-size: 11px; line-height: 18px; text-transform: uppercase; letter-spacing: 0.05em; color: #fff;\">Seg\u00fan las especificaciones del sitio y el pliego de condiciones del proyecto, vuestro \u201cbeach &amp; country home\u201d estar\u00e1 listo para vivir en un plazo que va de 12 a 15 meses. <\/span><\/p>\n<p><span style=\"text-align: right; font-family: 'La Belle Aurore', cursive; font-size: 20px; color: #fff;\"><strong> Nos vemos pronto\u2026 <\/strong><\/span>[\/vc_column_text][\/vc_column][\/vc_row][vc_row full_width=\u00bbstretch_row\u00bb content_placement=\u00bbmiddle\u00bb css=\u00bb.vc_custom_1496738488141{background-image: url(http:\/\/www.comporta-signature.com\/wp-content\/uploads\/2016\/12\/Praia-do-Pinheirinho-14.jpg?id=1576) !important;background-position: center !important;background-repeat: no-repeat !important;background-size: cover !important;}\u00bb][vc_column]<p class=\"wpcf7-contact-form-not-found\"><strong>Error:<\/strong> Formulario de contacto no encontrado.<\/p>[vc_empty_space][\/vc_column][\/vc_row][vc_row full_width=\u00bbstretch_row\u00bb content_placement=\u00bbmiddle\u00bb css=\u00bb.vc_custom_1496997424653{background-color: #9c8c56 !important;}\u00bb][vc_column][vc_column_text]<img decoding=\"async\" class=\"aligncenter\" src=\"http:\/\/www.comporta-signature.com\/wp-content\/uploads\/2017\/06\/white.svg\" width=\"320\" height=\"auto\" \/>[\/vc_column_text][\/vc_column][\/vc_row][vc_row full_width=\u00bbstretch_row_content\u00bb css=\u00bb.vc_custom_1558694233495{background-color: #9c8c56 !important;}\u00bb][vc_column][vc_wp_custommenu nav_menu=\u00bb21&#8243; el_id=\u00bbmenuHorizontal\u00bb][\/vc_column][\/vc_row]<\/p>","protected":false},"excerpt":{"rendered":"<p>[vc_row full_width=\u00bbstretch_row_content\u00bb css=\u00bb.vc_custom_1495182894371{margin-right: 30px !important;margin-left: 30px !important;border-bottom-width: -40px !important;}\u00bb][vc_column][vc_column_text] Contact Comporta Signature: tu c\u00f3mplice de escapadas [\/vc_column_text][vc_empty_space height=\u00bb80px\u00bb][\/vc_column][\/vc_row][vc_row full_width=\u00bbstretch_row_content_no_spaces\u00bb content_placement=\u00bbtop\u00bb css=\u00bb.vc_custom_1558105598444{margin-top: -80px !important;border-bottom-width: 2px !important;background-color: #5f5d2e !important;background-position: center !important;background-repeat: no-repeat &#8230;<\/p>\n","protected":false},"author":1,"featured_media":0,"parent":0,"menu_order":0,"comment_status":"closed","ping_status":"closed","template":"","meta":{"footnotes":""},"class_list":["post-8","page","type-page","status-publish","hentry"],"_links":{"self":[{"href":"https:\/\/www.comporta-signature.com\/es\/wp-json\/wp\/v2\/pages\/8","targetHints":{"allow":["GET"]}}],"collection":[{"href":"https:\/\/www.comporta-signature.com\/es\/wp-json\/wp\/v2\/pages"}],"about":[{"href":"https:\/\/www.comporta-signature.com\/es\/wp-json\/wp\/v2\/types\/page"}],"author":[{"embeddable":true,"href":"https:\/\/www.comporta-signature.com\/es\/wp-json\/wp\/v2\/users\/1"}],"replies":[{"embeddable":true,"href":"https:\/\/www.comporta-signature.com\/es\/wp-json\/wp\/v2\/comments?post=8"}],"version-history":[{"count":115,"href":"https:\/\/www.comporta-signature.com\/es\/wp-json\/wp\/v2\/pages\/8\/revisions"}],"predecessor-version":[{"id":2075,"href":"https:\/\/www.comporta-signature.com\/es\/wp-json\/wp\/v2\/pages\/8\/revisions\/2075"}],"wp:attachment":[{"href":"https:\/\/www.comporta-signature.com\/es\/wp-json\/wp\/v2\/media?parent=8"}],"curies":[{"name":"wp","href":"https:\/\/api.w.org\/{rel}","templated":true}]}}