{"id":2025,"date":"2019-05-17T11:30:05","date_gmt":"2019-05-17T11:30:05","guid":{"rendered":"https:\/\/www.comporta-signature.com\/?page_id=2025"},"modified":"2019-05-24T11:27:27","modified_gmt":"2019-05-24T11:27:27","slug":"projects-abroad","status":"publish","type":"page","link":"https:\/\/www.comporta-signature.com\/es\/projects-abroad\/","title":{"rendered":"Proyectos en el extranjero"},"content":{"rendered":"<p>[vc_row full_width=\u00bbstretch_row_content\u00bb css=\u00bb.vc_custom_1495182894371{margin-right: 30px !important;margin-left: 30px !important;border-bottom-width: -40px !important;}\u00bb][vc_column][vc_column_text]<\/p>\n<p style=\"text-align: center;\"><span style=\"font-family: 'La Belle Aurore', cursive; font-size: 50px; margin-top: 30px; color: #9c8c56;\">Proyectos en el extranjero<br \/>\n<\/span><\/p>\n<h1 style=\"font-family: 'Cormorant Garamond', serif; color: #9c8c56; text-align: center; font-size: 34px; padding-left: 30px; padding-right: 40px;\">Brasil: Proyectos en curso<\/h1>\n<p>[\/vc_column_text][\/vc_column][\/vc_row][vc_row full_width=\u00bbstretch_row_content_no_spaces\u00bb][vc_column][vc_column_text css=\u00bb.vc_custom_1499771311469{padding-right: 30px !important;padding-left: 30px !important;}\u00bb]<\/p>\n<p style=\"text-align: center;\"><span style=\"font-family: 'La Belle Aurore', cursive; text-align: center; font-size: 35px; line-height: 18px; color: #9c8c56;\"> Brasil: Proyectos en curso <\/span><\/p>\n<p style=\"text-align: center;\"><span style=\"font-family: 'La Belle Aurore', cursive; text-align: center; font-size: 22px; line-height: 18px; color: #9c8c56;\"> Comporta Signature Lda est\u00e1 -a trav\u00e9s de su socio fundador- implicada en el desarrollo de un gran complejo tur\u00edstico en Bah\u00eda, en la Costa del descubrimiento de Brasil &#8211; <a href=\"http:\/\/www.belmontebahiabeachvillage.com.br\" target=\"_blank\" rel=\"noopener noreferrer\">www.belmontebahiabeachvillage.com.br<\/a><\/span><\/p>\n<p>[\/vc_column_text][vc_empty_space height=\u00bb20px\u00bb][vc_single_image image=\u00bb1821&#8243; img_size=\u00bblarge\u00bb alignment=\u00bbcenter\u00bb][vc_empty_space height=\u00bb20px\u00bb][\/vc_column][\/vc_row][vc_row full_width=\u00bbstretch_row\u00bb content_placement=\u00bbmiddle\u00bb parallax=\u00bbcontent-moving\u00bb css=\u00bb.vc_custom_1493885335197{background-image: url(http:\/\/www.comporta-signature.com\/wp-content\/uploads\/2017\/05\/160701_P01.jpg?id=995) !important;background-position: center;background-repeat: no-repeat;background-size:cover !important;}\u00bb][vc_column][vc_empty_space height=\u00bb600px\u00bb][\/vc_column][\/vc_row][vc_row full_width=\u00bbstretch_row_content_no_spaces\u00bb][vc_column css=\u00bb.vc_custom_1495804352542{background-color: #5f5c31 !important;}\u00bb][vc_column_text css=\u00bb.vc_custom_1499771426970{padding-right: 30px !important;padding-left: 30px !important;}\u00bb]<\/p>\n<p style=\"text-align: center;\"><span style=\"font-family: 'La Belle Aurore', cursive; text-align: center; font-size: 22px; line-height: 18px; color: #fff;\"> El proyecto comprende 600 casas individuales, un hotel boutique, un beach club,un pitch and putt de golf, centro h\u00edpico y tenis, situado en Belmonte, pueblo colonial que fue, antiguamente, capital de la ruta del cacao. Este concepto se basa en gran parte, en los formatos y modelos existentes en Florida o en Marbella, ofreciendo un producto inmobiliario-tur\u00edstico de lujo asequible. <\/span><\/p>\n<p>[\/vc_column_text][\/vc_column][\/vc_row][vc_row full_width=\u00bbstretch_row\u00bb content_placement=\u00bbmiddle\u00bb parallax=\u00bbcontent-moving\u00bb css=\u00bb.vc_custom_1493886170728{background-image: url(http:\/\/www.comporta-signature.com\/wp-content\/uploads\/2017\/05\/MINIMALIST-BRAZILIAN2.jpg?id=1012) !important;background-position: center;background-repeat: no-repeat;background-size:cover !important;}\u00bb][vc_column][vc_empty_space height=\u00bb600px\u00bb][\/vc_column][\/vc_row][vc_row full_width=\u00bbstretch_row_content_no_spaces\u00bb][vc_column css=\u00bb.vc_custom_1497004499197{background-color: #9c8c56 !important;}\u00bb][vc_column_text css=\u00bb.vc_custom_1499771441114{padding-right: 30px !important;padding-left: 30px !important;}\u00bb]<\/p>\n<p style=\"text-align: center;\"><span style=\"font-family: 'La Belle Aurore', cursive; text-align: center; font-size: 22px; line-height: 18px; color: #fff;\">A pesar de que este modelo est\u00e1 muy alejado de los proyectos que desarrollamos en Comporta, tendr\u00e1 el mismo esp\u00edritu perfeccionista y creativo que nos caracteriza. En dos palabras, tendr\u00e1 \u2018nuestra huella\u2019. Comporta Signature Lda tambi\u00e9n est\u00e1 involucrada en varias inversiones de \u201cland-banking\u201d en el Estado de Bah\u00eda.<\/span><\/p>\n<p>[\/vc_column_text][\/vc_column][\/vc_row][vc_row full_width=\u00bbstretch_row\u00bb content_placement=\u00bbmiddle\u00bb disable_element=\u00bbyes\u00bb css=\u00bb.vc_custom_1496645825265{background-color: #5f5c31 !important;}\u00bb][vc_column][vc_column_text css=\u00bb.vc_custom_1495804577770{padding-right: 30px !important;padding-left: 30px !important;}\u00bb]<\/p>\n<p style=\"text-align: center;\"><span style=\"font-family: 'La Belle Aurore', cursive; text-align: center; font-size: 30px; line-height: 18px; color: #fff;\">Partenaires<\/span><\/p>\n<p style=\"text-align: center;\"><span style=\"font-family: 'La Belle Aurore', cursive; text-align: center; font-size: 22px; line-height: 18px; color: #fff;\">En sus du solide Dream Team pr\u00e9sent\u00e9 plus haut, Comporta Signature a \u00e9tabli des <span style=\"font-family: 'Cormorant Garamond', serif; text-align: center; font-size: 19px; line-height: 18px; color: #fff;\"><em>PARTENARIATS D\u2019AFFINIT\u00c9S<\/em><\/span> avec des acteurs de n\u00f4tre secteur remarquables par leur <span style=\"font-family: 'Cormorant Garamond', serif; text-align: center; font-size: 19px; line-height: 18px; color: #fff;\"><em>COMPORTATTITUDE<\/em><\/span> et leur perfectionnisme.<\/span><\/p>\n<p>[\/vc_column_text][\/vc_column][\/vc_row][vc_row full_width=\u00bbstretch_row_content\u00bb content_placement=\u00bbmiddle\u00bb parallax=\u00bbcontent-moving\u00bb disable_element=\u00bbyes\u00bb css=\u00bb.vc_custom_1496645833774{background-position: center;background-repeat: no-repeat;background-size:cover !important;}\u00bb][vc_column width=\u00bb1\/2&#8243;][vc_empty_space height=\u00bb150px\u00bb][\/vc_column][vc_column width=\u00bb1\/2&#8243; css=\u00bb.vc_custom_1495812531701{background-color: #ecd066 !important;}\u00bb][vc_column_text css=\u00bb.vc_custom_1495804988741{padding-right: 30px !important;padding-left: 30px !important;}\u00bb]<\/p>\n<p style=\"text-align: center;\"><span style=\"font-family: 'La Belle Aurore', cursive; text-align: center; font-size: 22px; line-height: 18px; color: #414141;\">Est-il encore besoin de pr\u00e9senter les superbes cr\u00e9ations raw-chic fashion de Gabriella\u2026\u2026.? Et qui aurait pu mieux qu\u2019 Antik Batik habiller nos int\u00e9rieurs \u00e0 Comporta? Vous y retrouverez donc la ligne \u00ab Maison \u00bb r\u00e9cemment cr\u00e9\u00e9e autour du c\u00e9l\u00e8bre style de la marque.<\/span><\/p>\n<p>[\/vc_column_text][\/vc_column][\/vc_row][vc_row full_width=\u00bbstretch_row_content_no_spaces\u00bb content_placement=\u00bbmiddle\u00bb parallax=\u00bbcontent-moving\u00bb disable_element=\u00bbyes\u00bb css=\u00bb.vc_custom_1496645841371{background-position: center;background-repeat: no-repeat;background-size:cover !important;}\u00bb][vc_column width=\u00bb1\/2&#8243; css=\u00bb.vc_custom_1495811803178{padding-left: 30px !important;background-color: #5f5c31 !important;}\u00bb][vc_empty_space height=\u00bb25px\u00bb][vc_column_text css=\u00bb.vc_custom_1495812294159{padding-right: 60px !important;padding-left: 30px !important;}\u00bb]<\/p>\n<p style=\"text-align: center;\"><span style=\"font-family: 'La Belle Aurore', cursive; text-align: center; font-size: 22px; line-height: 18px; color: #fff;\">Comporta est depuis 4 g\u00e9n\u00e9rations le fief de la famille Espirito Santo, premier patrimoine du Portugal. La \u00ab quinta \u00bb familiale de Comporta n\u2019y occupe pas moins de 15.000 ha sur 30 km de c\u00f4te\u2026<br \/>\nPatricia Brito e Cunha est l\u2019une des figures plus proactives du consortium. Dans la plus pure ligne <span style=\"font-family: 'Cormorant Garamond', serif; text-align: center; font-size: 19px; line-height: 18px; color: #fff;\"><strong>COMPORTADDICT<\/strong><\/span> elle a cr\u00e9\u00e9 <span style=\"font-family: 'Cormorant Garamond', serif; text-align: center; font-size: 19px; line-height: 18px; color: #fff;\"><strong>CUSH CUSH SPIRIT COMPORTA<\/strong><\/span>, un tr\u00e8s bel artisanat \u00e9co-chic enti\u00e8rement d\u00e9di\u00e9 aux coussins et si\u00e8ges.<\/span><\/p>\n<p>[\/vc_column_text][vc_empty_space height=\u00bb25px\u00bb][\/vc_column][vc_column width=\u00bb1\/2&#8243; css=\u00bb.vc_custom_1495811812172{padding-right: 30px !important;}\u00bb][vc_single_image image=\u00bb1408&#8243; img_size=\u00bb333&#215;250&#8243; alignment=\u00bbcenter\u00bb][\/vc_column][\/vc_row][vc_row full_width=\u00bbstretch_row_content\u00bb content_placement=\u00bbmiddle\u00bb parallax=\u00bbcontent-moving\u00bb disable_element=\u00bbyes\u00bb css=\u00bb.vc_custom_1496645852864{background-position: center;background-repeat: no-repeat;background-size:cover !important;}\u00bb][vc_column width=\u00bb1\/2&#8243;][vc_empty_space height=\u00bb150px\u00bb][\/vc_column][vc_column width=\u00bb1\/2&#8243; css=\u00bb.vc_custom_1495812447826{background-color: #ecd066 !important;}\u00bb][vc_column_text css=\u00bb.vc_custom_1495812503136{padding-right: 30px !important;padding-left: 30px !important;}\u00bb]<\/p>\n<p style=\"text-align: center;\"><span style=\"font-family: 'La Belle Aurore', cursive; text-align: center; font-size: 22px; line-height: 18px; color: #414141;\">Ce groupe familial finlandais n\u2019est rien moins que le premier constructeur mondial de maisons modulaires \u00e0 structure bois de tr\u00e8s haute qualit\u00e9. Adoss\u00e9es \u00e0 une exp\u00e9rience plus que centenaire leurs spectaculaires cr\u00e9ations offrent un large \u00e9ventail de lignes contemporaines d\u2019un niveau technique et d\u2019une solidit\u00e9 impressionnants. Comporta et sa tradition \u00ab bois \u00bb sont \u00e9videmment un lieu de pr\u00e9dilection pour le savoir-faire de la <span style=\"font-family: 'Cormorant Garamond', serif; text-align: center; font-size: 19px; line-height: 18px; color: #414141;\"><strong>POLARLIFEHAUS<\/strong><\/span> dont nous sommes fiers de piloter l\u2019introduction au Portugal .<\/span><\/p>\n<p>[\/vc_column_text][\/vc_column][\/vc_row][vc_row full_width=\u00bbstretch_row_content\u00bb css=\u00bb.vc_custom_1558694233495{background-color: #9c8c56 !important;}\u00bb][vc_column][vc_wp_custommenu nav_menu=\u00bb21&#8243; el_id=\u00bbmenuHorizontal\u00bb][\/vc_column][\/vc_row]<\/p>","protected":false},"excerpt":{"rendered":"<p>[vc_row full_width=\u00bbstretch_row_content\u00bb css=\u00bb.vc_custom_1495182894371{margin-right: 30px !important;margin-left: 30px !important;border-bottom-width: -40px !important;}\u00bb][vc_column][vc_column_text] Proyectos en el extranjero Brasil: Proyectos en curso [\/vc_column_text][\/vc_column][\/vc_row][vc_row full_width=\u00bbstretch_row_content_no_spaces\u00bb][vc_column][vc_column_text css=\u00bb.vc_custom_1499771311469{padding-right: 30px !important;padding-left: 30px !important;}\u00bb] Brasil: Proyectos en curso Comporta Signature &#8230;<\/p>\n","protected":false},"author":2,"featured_media":0,"parent":0,"menu_order":0,"comment_status":"closed","ping_status":"closed","template":"","meta":{"footnotes":""},"class_list":["post-2025","page","type-page","status-publish","hentry"],"_links":{"self":[{"href":"https:\/\/www.comporta-signature.com\/es\/wp-json\/wp\/v2\/pages\/2025","targetHints":{"allow":["GET"]}}],"collection":[{"href":"https:\/\/www.comporta-signature.com\/es\/wp-json\/wp\/v2\/pages"}],"about":[{"href":"https:\/\/www.comporta-signature.com\/es\/wp-json\/wp\/v2\/types\/page"}],"author":[{"embeddable":true,"href":"https:\/\/www.comporta-signature.com\/es\/wp-json\/wp\/v2\/users\/2"}],"replies":[{"embeddable":true,"href":"https:\/\/www.comporta-signature.com\/es\/wp-json\/wp\/v2\/comments?post=2025"}],"version-history":[{"count":9,"href":"https:\/\/www.comporta-signature.com\/es\/wp-json\/wp\/v2\/pages\/2025\/revisions"}],"predecessor-version":[{"id":2080,"href":"https:\/\/www.comporta-signature.com\/es\/wp-json\/wp\/v2\/pages\/2025\/revisions\/2080"}],"wp:attachment":[{"href":"https:\/\/www.comporta-signature.com\/es\/wp-json\/wp\/v2\/media?parent=2025"}],"curies":[{"name":"wp","href":"https:\/\/api.w.org\/{rel}","templated":true}]}}